{"id":803,"date":"2021-12-30T11:38:05","date_gmt":"2021-12-30T11:38:05","guid":{"rendered":"https:\/\/agenttiseikkailu.fi\/?page_id=803"},"modified":"2021-12-30T15:10:45","modified_gmt":"2021-12-30T15:10:45","slug":"sekretesspolicy","status":"publish","type":"page","link":"https:\/\/agenttiseikkailu.fi\/sv\/sekretesspolicy\/","title":{"rendered":"Sekretesspolicy"},"content":{"rendered":"<h1>Sekretess<\/h1>\n<p>B\u00f6rjar g\u00e4lla: 2021-12-23<\/p>\n<p>Aktualiserad den: 2021-12-28<\/p>\n<p>\n  H\u00e4r beskrivs sekretesspolicyn hos Motiva Oy vid insamling och<br \/>\nanv\u00e4ndning av de uppgifter vi f\u00e5r n\u00e4r du g\u00e5r in p\u00e5 https:\/\/agenttiseikkailu.fi (\u201cservicetj\u00e4nsten\u201d). Detta sekretessf\u00f6rfarande beskriver<br \/>\ndina integritetsr\u00e4ttigheter och vilket skydd sekretesslagarna ger dig. <\/p>\n<p>\n  Genom att utnyttja v\u00e5ra tj\u00e4nster ger du ditt samtycke till insamling och anv\u00e4ndning av dina<br \/>\nuppgifter enligt denna sekretesspolicy. Vi ber dig avst\u00e5 fr\u00e5n \u00e5tkomst till eller nyttjande av v\u00e5ra tj\u00e4nster om du inte<br \/>\n\u00f6nskar ge ditt samtycke till att dina uppgifter insamlas och anv\u00e4nds enligt beskriven information i v\u00e5r sekretesspolicy. Denna<br \/>\nsekretesspolicy har skapats med hj\u00e4lp av <a target='_blank' href='https:\/\/cookie-script.com\/privacy-policy-generator' rel=\"noopener noreferrer\">sekretesspolicygenerator f\u00f6r cookieskript<\/a>.<\/p>\n<p>Motiva Oy \u00e4r beh\u00f6rigt att modifiera denna sekretesspolicy n\u00e4r som helst. Detta kan ske utan f\u00f6rvarning.<\/p>\n<p>\n  Motiva Oy publicerar sin sekretesspolicy p\u00e5 sin https:\/\/agenttiseikkailu.fi webbplats.<\/p>\n<h3>Insamling och anv\u00e4nding av dina personliga uppgifter<\/h3>\n<h4>Uppgifter som vi samlar in<\/h4>\n<p>\n      N\u00e4r du anv\u00e4nder v\u00e5ra digitala tj\u00e4nster blir du ombedd att ange dina personliga uppgifter som vi kan anv\u00e4nda f\u00f6r identifiering eller kontaktupptagande. https:\/\/agenttiseikkailu.fi inh\u00e4mtar f\u00f6ljande uppgifter:    <\/p>\n<ul>\n<li>Anv\u00e4ndaruppgifter<\/li>\n<li>E-post<\/li>\n<li>Namn<\/li>\n<\/ul>\n<p>I anv\u00e4ndaruppgifterna ing\u00e5r f\u00f6ljande:<\/p>\n<ul>\n<li>IP-address till datorer som bes\u00f6ker hemsidan<\/li>\n<li>Beg\u00e4ran om webbsida<\/li>\n<li>Beg\u00e4ran om webbsidor<\/li>\n<li>Webbl\u00e4sare f\u00f6r att komma till webbsidan <\/li>\n<li>Tid och datum f\u00f6r bes\u00f6k<\/li>\n<\/ul>\n<h4>Hur vi samlar in uppgifter<\/h4>\n<p>\n      https:\/\/agenttiseikkailu.fi samlar in och tar emot uppgifter fr\u00e5n dig p\u00e5 f\u00f6ljande s\u00e4tt:    <\/p>\n<ul>\n<li>N\u00e4r du fyller i registeringsformul\u00e4ret eller p\u00e5 annat vis skickar dina personliga uppgifter.<\/li>\n<\/ul>\n<p>\n      Dina uppgifter kommer sparas upp till 90 dag(dagar), efter att du<br \/>\nhar har sagt upp ditt konto. Dina uppgifter kan h\u00e4ndelsevis beh\u00e5llas l\u00e4ngre f\u00f6r underr\u00e4ttelser eller journalf\u00f6ring enligt<br \/>\ntill\u00e4mplig lagstiftning. Information som inte identifierar dig som person kan sparas i obegr\u00e4nsad tid.    <\/p>\n<h4>Hur vi anv\u00e4nder dina uppgifter<\/h4>\n<p>\n          https:\/\/agenttiseikkailu.fi f\u00e5r anv\u00e4nda dina uppgifter f\u00f6r f\u00f6ljande \u00e4ndam\u00e5l:        <\/p>\n<ul>\n<li><b>Tillhandah\u00e5lla och bedriva v\u00e5ra digitala tj\u00e4nster,<\/b> samt kontrollera anv\u00e4ndningen av v\u00e5ra service.<\/li>\n<li><b>F\u00f6r att kontakta dig.<\/b> Motiva Oy tar kontakt med dig per e-post, telefon, SMS eller via annan digital kommunikation som har att g\u00f6ra med funktionerna, produkterna, tj\u00e4nsterna eller uppdaterad s\u00e4kerhet, n\u00e4r det finns behov eller sk\u00e4lig anledning.<\/li>\n<\/ul>\n<h4>Hur vi delar uppgifter om dig<\/h4>\n<p>\n          Motiva Oy kommer tillf\u00e4lligtvis dela dina uppgifter i f\u00f6ljande situationer:        <\/p>\n<ul>\n<li><b>Vid ditt samtycke.<\/b> Motiva Oy delar dina uppgifter f\u00f6r godtyckliga \u00e4ndam\u00e5l med ditt uttryckliga medgivande.<\/li>\n<\/ul>\n<h4>Dela via tredje man<\/h4>\n<p>\n          Tredje man som vi delar dina personuppgifter med m\u00e5ste ange vad denne kommer anv\u00e4nda dem till. Tredje man f\u00e5r endast beh\u00e5lla dina uppgifter under den tidsperiod som anges vid beg\u00e4rand om och erh\u00e5llande av n\u00e4mnd information. Tredje man som tillhandah\u00e5ller digitala tj\u00e4nster har inte r\u00e4tt att samla in, s\u00e4lja eller anv\u00e4nda dina personuppgifter, med undantag f\u00f6r vad som kr\u00e4vs f\u00f6r angivet \u00e4ndam\u00e5l.        <\/p>\n<p>Dina uppgifter kan dels med tredje man f\u00f6r f\u00f6ljande \u00e4ndam\u00e5l:<\/p>\n<ul>\n<li><b>Uppgifter f\u00f6r analys.<\/b> Dina personuppgifter kan komma delas med analysverktyg p\u00e5 n\u00e4tet f\u00f6r att sp\u00e5ra och genomf\u00f6ra analyser av trafiken p\u00e5 webbplatsen.<\/li>\n<li>Live chat (Facebook)<\/li>\n<\/ul>\n<p>\n          Om du beslutar att ge ut s\u00e5dana uppgifter vid registrering eller p\u00e5 annat vis, ger du Motiva Oy samtidigt ditt samtycke till att anv\u00e4nda, dela och spara dem i \u00f6verensst\u00e4mmelse med vad som anges i denna sekretesspolicy.        <\/p>\n<p>Dina uppgifter kan komma att l\u00e4mnas ut f\u00f6r f\u00f6ljande \u00e4ndam\u00e5l:<\/p>\n<ul>\n<li>F\u00f6r att efterleva till\u00e4mplig lagstiftning, best\u00e4mmelser och domstolsavg\u00f6randen.<\/li>\n<li>Vid bearbetning av anm\u00e4lningar om att din anm\u00e4ndning av v\u00e5ra tj\u00e4nster inkr\u00e4ktar p\u00e5 tredje mans r\u00e4ttigheter.<\/li>\n<li>Verkst\u00e4lla avtal slutna mellan dig och oss, \u00e4ven betr\u00e4ffande denna sekretesspolicy.<\/li>\n<\/ul>\n<h4>Kakor<\/h4>\n<p>\n        Cookies \u00e4r mindre textfiler som kommer in p\u00e5 din dator fr\u00e5n webbsidor du bes\u00f6ker. Webbsidor anv\u00e4nder cookies f\u00f6r att hj\u00e4lpa anv\u00e4ndarna att uppn\u00e5 effektiva s\u00f6kningar och genomf\u00f6ra olika funktioner. Cookies som kr\u00e4vs f\u00f6r att webbsidan ska kunna fungera ordentligt f\u00e5r installeras utan ditt samtycke. \u00d6vriga cookies m\u00e5ste f\u00f6rst godk\u00e4nnas innan dom f\u00e5r installeras i webbl\u00e4saren.    <\/p>\n<ul>\n<li><b>Strikt n\u00f6dv\u00e4ndiga cookies.<\/b> Strikt n\u00f6dv\u00e4ndiga kakor till\u00e5ter k\u00e4rnwebbplatsfunktioner som anv\u00e4ndarinloggning och kontohantering. Webbplatsen kan inte anv\u00e4ndas ordentligt utan strikt n\u00f6dv\u00e4ndiga cookies.<\/li>\n<li><b>Prestandacookies.<\/b> Prestandacookies anv\u00e4nds f\u00f6r att se hur bes\u00f6kare anv\u00e4nder webbplatsen, t.ex. analytiska kakor. Dessa cookies kan inte anv\u00e4ndas f\u00f6r att direkt identifiera en viss bes\u00f6kare.<\/li>\n<li><b>Inriktningscookies.<\/b> Inriktningscookies anv\u00e4nds f\u00f6r att identifiera bes\u00f6kare mellan olika webbplatser, t.ex. inneh\u00e5llspartners, bannern\u00e4tverk. Dessa cookies kan anv\u00e4ndas av f\u00f6retag f\u00f6r att skapa en profil \u00f6ver bes\u00f6karnas intressen eller visa relevanta annonser p\u00e5 andra webbplatser.<\/li>\n<\/ul>\n<div class=\"cookie-report-container\">\n<p data-cookiereport=\"true\">\n                Nedan kan du \u00e4ndra ditt samtycke till anv\u00e4ndning av cookies.            <\/p>\n<p>            <script\n                type=\"text\/javascript\"\n                charset=\"UTF-8\"\n                data-cookiescriptreport=\"report\"\n                data-cs-lang=\"sv\"\n                src=\"\/\/report.cookie-script.com\/r\/fde40736e54abb18827f10ede6548492.js\"\n            >\n            <\/script>\n        <\/div>\n<h4>S\u00e4kerhet<\/h4>\n<p>\n      F\u00f6r oss \u00e4r s\u00e4kerheten r\u00f6rande dina personuppgifter viktig. https:\/\/agenttiseikkailu.fi till\u00e4mpar omfattande s\u00e4kerhetsm\u00e5tt f\u00f6r att undvika missbruk, f\u00f6rlust eller \u00e4ndring av uppgifterna vi erh\u00e5llit fr\u00e5n dig. Men eftersom vi inte helt kan garantera s\u00e4kerheten hos den information du tillhandah\u00e5ller, m\u00e5ste din anv\u00e4ndning av v\u00e5ra digitala tj\u00e4nster ske p\u00e5 egen risk.    <\/p>\n<p>\n      Motiva Oy ansvarar ej f\u00f6r webbplatser som drivs av tredje man och ej heller f\u00f6r din anv\u00e4ndning av dem. Innan du l\u00e4mnar denna webbplats rekommenderar vi dig att kolla upp sekretessf\u00f6rfaranden hos andra webbplatser som du bes\u00f6ker och bed\u00f6ma l\u00e4mpligheten hos dylika f\u00f6rfaranden.    <\/p>\n<h4>Kontakta oss<\/h4>\n<p>Vid fr\u00e5gor \u00e4r du v\u00e4lkommen att kontakta oss p\u00e5 f\u00f6ljande s\u00e4tt:<\/p>\n<p>Namn: Motiva Oy<\/p>\n<p>Adress: Pohjoinen Rautatiekatu 25, PL 489, 00101 HELSINKI<\/p>\n<p>E-post: tietosuoja@motiva.fi<\/p>\n<p>Webbplats: https:\/\/agenttiseikkailu.fi<\/p>\n","protected":false},"excerpt":{"rendered":"Sekretess B\u00f6rjar g\u00e4lla: 2021-12-23 Aktualiserad den: 2021-12-28 H\u00e4r beskrivs sekretesspolicyn hos Motiva Oy vid insamling och anv\u00e4ndning av de uppgifter vi f\u00e5r n\u00e4r du g\u00e5r in p\u00e5 https:\/\/agenttiseikkailu.fi (\u201cservicetj\u00e4nsten\u201d). Detta sekretessf\u00f6rfarande beskriver dina integritetsr\u00e4ttigheter och vilket skydd sekretesslagarna ger dig. Genom att utnyttja v\u00e5ra tj\u00e4nster ger du ditt samtycke till insamling och anv\u00e4ndning av dina&#8230; <a class=\"view-article\" href=\"https:\/\/agenttiseikkailu.fi\/sv\/sekretesspolicy\/\">View Article<\/a>","protected":false},"author":1,"featured_media":0,"parent":0,"menu_order":0,"comment_status":"closed","ping_status":"closed","template":"","meta":{"_acf_changed":false,"inline_featured_image":false,"footnotes":""},"class_list":["post-803","page","type-page","status-publish","hentry"],"acf":[],"yoast_head":"<!-- This site is optimized with the Yoast SEO plugin v27.4 - https:\/\/yoast.com\/product\/yoast-seo-wordpress\/ -->\n<title>Sekretesspolicy - Agent\u00e4ventyr<\/title>\n<meta name=\"robots\" content=\"index, follow, max-snippet:-1, max-image-preview:large, max-video-preview:-1\" \/>\n<link rel=\"canonical\" href=\"https:\/\/agenttiseikkailu.fi\/sv\/sekretesspolicy\/\" \/>\n<meta property=\"og:locale\" content=\"sv_SE\" \/>\n<meta property=\"og:type\" content=\"article\" \/>\n<meta property=\"og:title\" content=\"Sekretesspolicy - Agent\u00e4ventyr\" \/>\n<meta property=\"og:description\" content=\"Sekretess B\u00f6rjar g\u00e4lla: 2021-12-23 Aktualiserad den: 2021-12-28 H\u00e4r beskrivs sekretesspolicyn hos Motiva Oy vid insamling och anv\u00e4ndning av de uppgifter vi f\u00e5r n\u00e4r du g\u00e5r in p\u00e5 https:\/\/agenttiseikkailu.fi (\u201cservicetj\u00e4nsten\u201d). Detta sekretessf\u00f6rfarande beskriver dina integritetsr\u00e4ttigheter och vilket skydd sekretesslagarna ger dig. Genom att utnyttja v\u00e5ra tj\u00e4nster ger du ditt samtycke till insamling och anv\u00e4ndning av dina... View Article\" \/>\n<meta property=\"og:url\" content=\"https:\/\/agenttiseikkailu.fi\/sv\/sekretesspolicy\/\" \/>\n<meta property=\"og:site_name\" content=\"Agent\u00e4ventyr\" \/>\n<meta property=\"article:modified_time\" content=\"2021-12-30T15:10:45+00:00\" \/>\n<meta property=\"og:image\" content=\"https:\/\/agenttiseikkailu.fi\/wp-content\/uploads\/2018\/04\/agenttiseikkailu-fb.png\" \/>\n\t<meta property=\"og:image:width\" content=\"1200\" \/>\n\t<meta property=\"og:image:height\" content=\"630\" \/>\n\t<meta property=\"og:image:type\" content=\"image\/png\" \/>\n<meta name=\"twitter:card\" content=\"summary_large_image\" \/>\n<meta name=\"twitter:label1\" content=\"Ber\u00e4knad l\u00e4stid\" \/>\n\t<meta name=\"twitter:data1\" content=\"5 minuter\" \/>\n<script type=\"application\/ld+json\" class=\"yoast-schema-graph\">{\"@context\":\"https:\\\/\\\/schema.org\",\"@graph\":[{\"@type\":\"WebPage\",\"@id\":\"https:\\\/\\\/agenttiseikkailu.fi\\\/sv\\\/sekretesspolicy\\\/\",\"url\":\"https:\\\/\\\/agenttiseikkailu.fi\\\/sv\\\/sekretesspolicy\\\/\",\"name\":\"Sekretesspolicy - Agent\u00e4ventyr\",\"isPartOf\":{\"@id\":\"https:\\\/\\\/agenttiseikkailu.fi\\\/#website\"},\"datePublished\":\"2021-12-30T11:38:05+00:00\",\"dateModified\":\"2021-12-30T15:10:45+00:00\",\"breadcrumb\":{\"@id\":\"https:\\\/\\\/agenttiseikkailu.fi\\\/sv\\\/sekretesspolicy\\\/#breadcrumb\"},\"inLanguage\":\"sv-SE\",\"potentialAction\":[{\"@type\":\"ReadAction\",\"target\":[\"https:\\\/\\\/agenttiseikkailu.fi\\\/sv\\\/sekretesspolicy\\\/\"]}]},{\"@type\":\"BreadcrumbList\",\"@id\":\"https:\\\/\\\/agenttiseikkailu.fi\\\/sv\\\/sekretesspolicy\\\/#breadcrumb\",\"itemListElement\":[{\"@type\":\"ListItem\",\"position\":1,\"name\":\"Home\",\"item\":\"https:\\\/\\\/agenttiseikkailu.fi\\\/sv\\\/\"},{\"@type\":\"ListItem\",\"position\":2,\"name\":\"Sekretesspolicy\"}]},{\"@type\":\"WebSite\",\"@id\":\"https:\\\/\\\/agenttiseikkailu.fi\\\/#website\",\"url\":\"https:\\\/\\\/agenttiseikkailu.fi\\\/\",\"name\":\"Agent\u00e4ventyr\",\"description\":\"\",\"potentialAction\":[{\"@type\":\"SearchAction\",\"target\":{\"@type\":\"EntryPoint\",\"urlTemplate\":\"https:\\\/\\\/agenttiseikkailu.fi\\\/?s={search_term_string}\"},\"query-input\":{\"@type\":\"PropertyValueSpecification\",\"valueRequired\":true,\"valueName\":\"search_term_string\"}}],\"inLanguage\":\"sv-SE\"}]}<\/script>\n<!-- \/ Yoast SEO plugin. -->","yoast_head_json":{"title":"Sekretesspolicy - Agent\u00e4ventyr","robots":{"index":"index","follow":"follow","max-snippet":"max-snippet:-1","max-image-preview":"max-image-preview:large","max-video-preview":"max-video-preview:-1"},"canonical":"https:\/\/agenttiseikkailu.fi\/sv\/sekretesspolicy\/","og_locale":"sv_SE","og_type":"article","og_title":"Sekretesspolicy - Agent\u00e4ventyr","og_description":"Sekretess B\u00f6rjar g\u00e4lla: 2021-12-23 Aktualiserad den: 2021-12-28 H\u00e4r beskrivs sekretesspolicyn hos Motiva Oy vid insamling och anv\u00e4ndning av de uppgifter vi f\u00e5r n\u00e4r du g\u00e5r in p\u00e5 https:\/\/agenttiseikkailu.fi (\u201cservicetj\u00e4nsten\u201d). Detta sekretessf\u00f6rfarande beskriver dina integritetsr\u00e4ttigheter och vilket skydd sekretesslagarna ger dig. Genom att utnyttja v\u00e5ra tj\u00e4nster ger du ditt samtycke till insamling och anv\u00e4ndning av dina... View Article","og_url":"https:\/\/agenttiseikkailu.fi\/sv\/sekretesspolicy\/","og_site_name":"Agent\u00e4ventyr","article_modified_time":"2021-12-30T15:10:45+00:00","og_image":[{"width":1200,"height":630,"url":"https:\/\/agenttiseikkailu.fi\/wp-content\/uploads\/2018\/04\/agenttiseikkailu-fb.png","type":"image\/png"}],"twitter_card":"summary_large_image","twitter_misc":{"Ber\u00e4knad l\u00e4stid":"5 minuter"},"schema":{"@context":"https:\/\/schema.org","@graph":[{"@type":"WebPage","@id":"https:\/\/agenttiseikkailu.fi\/sv\/sekretesspolicy\/","url":"https:\/\/agenttiseikkailu.fi\/sv\/sekretesspolicy\/","name":"Sekretesspolicy - Agent\u00e4ventyr","isPartOf":{"@id":"https:\/\/agenttiseikkailu.fi\/#website"},"datePublished":"2021-12-30T11:38:05+00:00","dateModified":"2021-12-30T15:10:45+00:00","breadcrumb":{"@id":"https:\/\/agenttiseikkailu.fi\/sv\/sekretesspolicy\/#breadcrumb"},"inLanguage":"sv-SE","potentialAction":[{"@type":"ReadAction","target":["https:\/\/agenttiseikkailu.fi\/sv\/sekretesspolicy\/"]}]},{"@type":"BreadcrumbList","@id":"https:\/\/agenttiseikkailu.fi\/sv\/sekretesspolicy\/#breadcrumb","itemListElement":[{"@type":"ListItem","position":1,"name":"Home","item":"https:\/\/agenttiseikkailu.fi\/sv\/"},{"@type":"ListItem","position":2,"name":"Sekretesspolicy"}]},{"@type":"WebSite","@id":"https:\/\/agenttiseikkailu.fi\/#website","url":"https:\/\/agenttiseikkailu.fi\/","name":"Agent\u00e4ventyr","description":"","potentialAction":[{"@type":"SearchAction","target":{"@type":"EntryPoint","urlTemplate":"https:\/\/agenttiseikkailu.fi\/?s={search_term_string}"},"query-input":{"@type":"PropertyValueSpecification","valueRequired":true,"valueName":"search_term_string"}}],"inLanguage":"sv-SE"}]}},"_links":{"self":[{"href":"https:\/\/agenttiseikkailu.fi\/sv\/wp-json\/wp\/v2\/pages\/803","targetHints":{"allow":["GET"]}}],"collection":[{"href":"https:\/\/agenttiseikkailu.fi\/sv\/wp-json\/wp\/v2\/pages"}],"about":[{"href":"https:\/\/agenttiseikkailu.fi\/sv\/wp-json\/wp\/v2\/types\/page"}],"author":[{"embeddable":true,"href":"https:\/\/agenttiseikkailu.fi\/sv\/wp-json\/wp\/v2\/users\/1"}],"replies":[{"embeddable":true,"href":"https:\/\/agenttiseikkailu.fi\/sv\/wp-json\/wp\/v2\/comments?post=803"}],"version-history":[{"count":2,"href":"https:\/\/agenttiseikkailu.fi\/sv\/wp-json\/wp\/v2\/pages\/803\/revisions"}],"predecessor-version":[{"id":810,"href":"https:\/\/agenttiseikkailu.fi\/sv\/wp-json\/wp\/v2\/pages\/803\/revisions\/810"}],"wp:attachment":[{"href":"https:\/\/agenttiseikkailu.fi\/sv\/wp-json\/wp\/v2\/media?parent=803"}],"curies":[{"name":"wp","href":"https:\/\/api.w.org\/{rel}","templated":true}]}}