{"id":334,"date":"2018-12-06T14:08:53","date_gmt":"2018-12-06T14:08:53","guid":{"rendered":"https:\/\/agenttiseikkailu.fi\/?page_id=334"},"modified":"2025-09-02T12:10:27","modified_gmt":"2025-09-02T09:10:27","slug":"gor-anmalan-har","status":"publish","type":"page","link":"https:\/\/agenttiseikkailu.fi\/sv\/gor-anmalan-har\/","title":{"rendered":"G\u00f6r anm\u00e4lan h\u00e4r"},"content":{"rendered":"\n<p>N\u00e4r du har anm\u00e4lt din klass som deltagare i Agent\u00e4ventyret kan ni j\u00e4mf\u00f6ra era resultat med de andra klasserna som ocks\u00e5 deltar i Agent\u00e4ventyret. Samtidigt f\u00e5r ni information om hur er klass framskrider i de olika uppgifterna och har en chans att vinna olika pris.<\/p>\n\n\n\n<h5 class=\"wp-block-heading\">G\u00f6r anm\u00e4lan senast den 30.10.2025<\/h5>\n\n\n<div id=\"wpmem_reg\"><a id=\"register\"><\/a><form name=\"form\" method=\"post\" enctype=\"multipart\/form-data\" action=\"https:\/\/agenttiseikkailu.fi\/sv\/gor-anmalan-har\/\" id=\"wpmem_register_form\" class=\"form\"><input type=\"hidden\" id=\"_wpmem_register_nonce\" name=\"_wpmem_register_nonce\" value=\"73947e176a\" \/><input type=\"hidden\" name=\"_wp_http_referer\" value=\"\/sv\/wp-json\/wp\/v2\/pages\/334\" \/><fieldset><legend>Ny anv\u00e4ndare?<\/legend><label for=\"username\" class=\"text\">V\u00e4lj ett anv\u00e4ndarnamn<span class=\"req\">*<\/span><\/label><div class=\"div_text\"><input name=\"username\" type=\"text\" id=\"username\" value=\"\" class=\"textbox\" required  \/><\/div><label for=\"koulu\" class=\"text\">Skola<span class=\"req\">*<\/span><\/label><div class=\"div_text\"><input name=\"koulu\" type=\"text\" id=\"koulu\" value=\"\" class=\"textbox\" required  \/><\/div><label for=\"luokka\" class=\"text\">Klass<span class=\"req\">*<\/span><\/label><div class=\"div_text\"><input name=\"luokka\" type=\"text\" id=\"luokka\" value=\"\" class=\"textbox\" required  \/><\/div><label for=\"luokassa_oppilaita\" class=\"number\">Antalet elever i klassen<span class=\"req\">*<\/span><\/label><div class=\"div_number\"><input name=\"luokassa_oppilaita\" type=\"number\" id=\"luokassa_oppilaita\" value=\"0\" class=\"textbox\" required  \/><\/div><label for=\"kaupunki\" class=\"text\">Stad<span class=\"req\">*<\/span><\/label><div class=\"div_text\"><input name=\"kaupunki\" type=\"text\" id=\"kaupunki\" value=\"\" class=\"textbox\" required  \/><\/div><label for=\"opettaja\" class=\"text\">L\u00e4rare (uppgiften publiceras inte)<span class=\"req\">*<\/span><\/label><div class=\"div_text\"><input name=\"opettaja\" type=\"text\" id=\"opettaja\" value=\"\" class=\"textbox\" required  \/><\/div><label for=\"user_email\" class=\"text\">Opettajan s\u00e4hk\u00f6postiosoite (tietoa ei julkaista)<span class=\"req\">*<\/span><\/label><div class=\"div_text\"><input name=\"user_email\" type=\"email\" id=\"user_email\" value=\"\" class=\"textbox\" required  \/><\/div><label for=\"password\" class=\"text\">L\u00f6senord<span class=\"req\">*<\/span><\/label><div class=\"div_text\"><input name=\"password\" type=\"password\" id=\"password\" class=\"textbox\" required  \/><\/div><label for=\"joukkueen_nimi\" class=\"text\">Lagets namn (du kan fylla i uppgiften senare tillsammans med din klass)<\/label><div class=\"div_text\"><input name=\"joukkueen_nimi\" type=\"text\" id=\"joukkueen_nimi\" value=\"\" class=\"textbox\" \/><\/div><label for=\"default_profile_image\" class=\"radio\">V\u00e4lj klassens profibild fr\u00e5n de f\u00e4rdiga ikonerna eller ladda upp en egen bild(du kan fylla i uppgiften senare tillsammans med din klass) <\/label><div class=\"div_radio\"><input type=\"radio\" name=\"default_profile_image\" id=\"default_profile_image_1\" value=\"raccoon_blue\" > <label for=\"default_profile_image_1\" id=\"label_default_profile_image_1\" class=\"radio\"><\/label><br \/><input type=\"radio\" name=\"default_profile_image\" id=\"default_profile_image_2\" value=\"raccoon_green\" > <label for=\"default_profile_image_2\" id=\"label_default_profile_image_2\" class=\"radio\"><\/label><br \/><input type=\"radio\" name=\"default_profile_image\" id=\"default_profile_image_3\" value=\"raccoon_orange\" > <label for=\"default_profile_image_3\" id=\"label_default_profile_image_3\" class=\"radio\"><\/label><br \/><input type=\"radio\" name=\"default_profile_image\" id=\"default_profile_image_4\" value=\"raccoon_purple\" > <label for=\"default_profile_image_4\" id=\"label_default_profile_image_4\" class=\"radio\"><\/label><br \/><\/div><label for=\"custom_profile_image\" class=\"image\">Custom profile image<\/label><div class=\"div_image\"><img decoding=\"async\" src=\"\" id=\"custom_profile_image_img\" \/><input name=\"custom_profile_image\" type=\"file\" id=\"custom_profile_image\" value=\"\" class=\"file\" accept=\".jpg,.jpeg,.png\" onchange=\"loadFile(event, this.id)\" \/><\/div><script src=\"https:\/\/www.google.com\/recaptcha\/api.js?render=6LcFuvErAAAAALSeXjnw40OfRqEQoxYjxR5q5ykl\"><\/script><script>grecaptcha.ready(function () {grecaptcha.execute('6LcFuvErAAAAALSeXjnw40OfRqEQoxYjxR5q5ykl', { action: 'contact' }).then(function (token) {var recaptchaResponse = document.getElementById('recaptchaResponse');recaptchaResponse.value = token;});});<\/script><input type=\"hidden\" name=\"recaptcha_response\" id=\"recaptchaResponse\"><input name=\"a\" type=\"hidden\" value=\"register\" \/><input name=\"wpmem_reg_page\" type=\"hidden\" value=\"https:\/\/agenttiseikkailu.fi\/sv\/gor-anmalan-har\/\" \/><div class=\"button_div\"><input name=\"submit\" type=\"submit\" value=\"Registrera dig\" class=\"buttons\" \/><\/div><div class=\"req-text\"><span class=\"req\">*<\/span>Obligatoriskt f\u00e4lt<\/div><\/fieldset><\/form><\/div>\r\n<script>\r\n\tvar loadFile = function(event, clicked_id) {\r\n\t\tvar reader = new FileReader();\r\n\t\tvar the_id = clicked_id + \"_img\";\r\n\t\treader.onload = function() {\r\n\t\t\tvar output = document.getElementById(the_id);\r\n\t\t\toutput.src = reader.result;\r\n\t\t};\r\n\t\treader.readAsDataURL(event.target.files[0]);\r\n\t};\r\n<\/script>\n","protected":false},"excerpt":{"rendered":"N\u00e4r du har anm\u00e4lt din klass som deltagare i Agent\u00e4ventyret kan ni j\u00e4mf\u00f6ra era resultat med de andra klasserna som ocks\u00e5 deltar i Agent\u00e4ventyret. Samtidigt f\u00e5r ni information om hur er klass framskrider i de olika uppgifterna och har en chans att vinna olika pris. G\u00f6r anm\u00e4lan senast den 30.10.2025","protected":false},"author":1,"featured_media":0,"parent":0,"menu_order":0,"comment_status":"closed","ping_status":"closed","template":"","meta":{"_acf_changed":false,"inline_featured_image":false,"footnotes":""},"class_list":["post-334","page","type-page","status-publish","hentry"],"acf":[],"yoast_head":"<!-- This site is optimized with the Yoast SEO plugin v27.4 - https:\/\/yoast.com\/product\/yoast-seo-wordpress\/ -->\n<title>G\u00f6r anm\u00e4lan h\u00e4r - Agent\u00e4ventyr<\/title>\n<meta name=\"robots\" content=\"index, follow, max-snippet:-1, max-image-preview:large, max-video-preview:-1\" \/>\n<link rel=\"canonical\" href=\"https:\/\/agenttiseikkailu.fi\/sv\/gor-anmalan-har\/\" \/>\n<meta property=\"og:locale\" content=\"sv_SE\" \/>\n<meta property=\"og:type\" content=\"article\" \/>\n<meta property=\"og:title\" content=\"G\u00f6r anm\u00e4lan h\u00e4r - Agent\u00e4ventyr\" \/>\n<meta property=\"og:description\" content=\"N\u00e4r du har anm\u00e4lt din klass som deltagare i Agent\u00e4ventyret kan ni j\u00e4mf\u00f6ra era resultat med de andra klasserna som ocks\u00e5 deltar i Agent\u00e4ventyret. Samtidigt f\u00e5r ni information om hur er klass framskrider i de olika uppgifterna och har en chans att vinna olika pris. G\u00f6r anm\u00e4lan senast den 30.10.2025\" \/>\n<meta property=\"og:url\" content=\"https:\/\/agenttiseikkailu.fi\/sv\/gor-anmalan-har\/\" \/>\n<meta property=\"og:site_name\" content=\"Agent\u00e4ventyr\" \/>\n<meta property=\"article:modified_time\" content=\"2025-09-02T09:10:27+00:00\" \/>\n<meta property=\"og:image\" content=\"https:\/\/agenttiseikkailu.fi\/wp-content\/uploads\/2018\/04\/agenttiseikkailu-fb.png\" \/>\n\t<meta property=\"og:image:width\" content=\"1200\" \/>\n\t<meta property=\"og:image:height\" content=\"630\" \/>\n\t<meta property=\"og:image:type\" content=\"image\/png\" \/>\n<meta name=\"twitter:card\" content=\"summary_large_image\" \/>\n<meta name=\"twitter:label1\" content=\"Ber\u00e4knad l\u00e4stid\" \/>\n\t<meta name=\"twitter:data1\" content=\"1 minut\" \/>\n<script type=\"application\/ld+json\" class=\"yoast-schema-graph\">{\"@context\":\"https:\\\/\\\/schema.org\",\"@graph\":[{\"@type\":\"WebPage\",\"@id\":\"https:\\\/\\\/agenttiseikkailu.fi\\\/sv\\\/gor-anmalan-har\\\/\",\"url\":\"https:\\\/\\\/agenttiseikkailu.fi\\\/sv\\\/gor-anmalan-har\\\/\",\"name\":\"G\u00f6r anm\u00e4lan h\u00e4r - Agent\u00e4ventyr\",\"isPartOf\":{\"@id\":\"https:\\\/\\\/agenttiseikkailu.fi\\\/#website\"},\"datePublished\":\"2018-12-06T14:08:53+00:00\",\"dateModified\":\"2025-09-02T09:10:27+00:00\",\"breadcrumb\":{\"@id\":\"https:\\\/\\\/agenttiseikkailu.fi\\\/sv\\\/gor-anmalan-har\\\/#breadcrumb\"},\"inLanguage\":\"sv-SE\",\"potentialAction\":[{\"@type\":\"ReadAction\",\"target\":[\"https:\\\/\\\/agenttiseikkailu.fi\\\/sv\\\/gor-anmalan-har\\\/\"]}]},{\"@type\":\"BreadcrumbList\",\"@id\":\"https:\\\/\\\/agenttiseikkailu.fi\\\/sv\\\/gor-anmalan-har\\\/#breadcrumb\",\"itemListElement\":[{\"@type\":\"ListItem\",\"position\":1,\"name\":\"Home\",\"item\":\"https:\\\/\\\/agenttiseikkailu.fi\\\/sv\\\/\"},{\"@type\":\"ListItem\",\"position\":2,\"name\":\"G\u00f6r anm\u00e4lan h\u00e4r\"}]},{\"@type\":\"WebSite\",\"@id\":\"https:\\\/\\\/agenttiseikkailu.fi\\\/#website\",\"url\":\"https:\\\/\\\/agenttiseikkailu.fi\\\/\",\"name\":\"Agent\u00e4ventyr\",\"description\":\"\",\"potentialAction\":[{\"@type\":\"SearchAction\",\"target\":{\"@type\":\"EntryPoint\",\"urlTemplate\":\"https:\\\/\\\/agenttiseikkailu.fi\\\/?s={search_term_string}\"},\"query-input\":{\"@type\":\"PropertyValueSpecification\",\"valueRequired\":true,\"valueName\":\"search_term_string\"}}],\"inLanguage\":\"sv-SE\"}]}<\/script>\n<!-- \/ Yoast SEO plugin. -->","yoast_head_json":{"title":"G\u00f6r anm\u00e4lan h\u00e4r - Agent\u00e4ventyr","robots":{"index":"index","follow":"follow","max-snippet":"max-snippet:-1","max-image-preview":"max-image-preview:large","max-video-preview":"max-video-preview:-1"},"canonical":"https:\/\/agenttiseikkailu.fi\/sv\/gor-anmalan-har\/","og_locale":"sv_SE","og_type":"article","og_title":"G\u00f6r anm\u00e4lan h\u00e4r - Agent\u00e4ventyr","og_description":"N\u00e4r du har anm\u00e4lt din klass som deltagare i Agent\u00e4ventyret kan ni j\u00e4mf\u00f6ra era resultat med de andra klasserna som ocks\u00e5 deltar i Agent\u00e4ventyret. Samtidigt f\u00e5r ni information om hur er klass framskrider i de olika uppgifterna och har en chans att vinna olika pris. G\u00f6r anm\u00e4lan senast den 30.10.2025","og_url":"https:\/\/agenttiseikkailu.fi\/sv\/gor-anmalan-har\/","og_site_name":"Agent\u00e4ventyr","article_modified_time":"2025-09-02T09:10:27+00:00","og_image":[{"width":1200,"height":630,"url":"https:\/\/agenttiseikkailu.fi\/wp-content\/uploads\/2018\/04\/agenttiseikkailu-fb.png","type":"image\/png"}],"twitter_card":"summary_large_image","twitter_misc":{"Ber\u00e4knad l\u00e4stid":"1 minut"},"schema":{"@context":"https:\/\/schema.org","@graph":[{"@type":"WebPage","@id":"https:\/\/agenttiseikkailu.fi\/sv\/gor-anmalan-har\/","url":"https:\/\/agenttiseikkailu.fi\/sv\/gor-anmalan-har\/","name":"G\u00f6r anm\u00e4lan h\u00e4r - Agent\u00e4ventyr","isPartOf":{"@id":"https:\/\/agenttiseikkailu.fi\/#website"},"datePublished":"2018-12-06T14:08:53+00:00","dateModified":"2025-09-02T09:10:27+00:00","breadcrumb":{"@id":"https:\/\/agenttiseikkailu.fi\/sv\/gor-anmalan-har\/#breadcrumb"},"inLanguage":"sv-SE","potentialAction":[{"@type":"ReadAction","target":["https:\/\/agenttiseikkailu.fi\/sv\/gor-anmalan-har\/"]}]},{"@type":"BreadcrumbList","@id":"https:\/\/agenttiseikkailu.fi\/sv\/gor-anmalan-har\/#breadcrumb","itemListElement":[{"@type":"ListItem","position":1,"name":"Home","item":"https:\/\/agenttiseikkailu.fi\/sv\/"},{"@type":"ListItem","position":2,"name":"G\u00f6r anm\u00e4lan h\u00e4r"}]},{"@type":"WebSite","@id":"https:\/\/agenttiseikkailu.fi\/#website","url":"https:\/\/agenttiseikkailu.fi\/","name":"Agent\u00e4ventyr","description":"","potentialAction":[{"@type":"SearchAction","target":{"@type":"EntryPoint","urlTemplate":"https:\/\/agenttiseikkailu.fi\/?s={search_term_string}"},"query-input":{"@type":"PropertyValueSpecification","valueRequired":true,"valueName":"search_term_string"}}],"inLanguage":"sv-SE"}]}},"_links":{"self":[{"href":"https:\/\/agenttiseikkailu.fi\/sv\/wp-json\/wp\/v2\/pages\/334","targetHints":{"allow":["GET"]}}],"collection":[{"href":"https:\/\/agenttiseikkailu.fi\/sv\/wp-json\/wp\/v2\/pages"}],"about":[{"href":"https:\/\/agenttiseikkailu.fi\/sv\/wp-json\/wp\/v2\/types\/page"}],"author":[{"embeddable":true,"href":"https:\/\/agenttiseikkailu.fi\/sv\/wp-json\/wp\/v2\/users\/1"}],"replies":[{"embeddable":true,"href":"https:\/\/agenttiseikkailu.fi\/sv\/wp-json\/wp\/v2\/comments?post=334"}],"version-history":[{"count":10,"href":"https:\/\/agenttiseikkailu.fi\/sv\/wp-json\/wp\/v2\/pages\/334\/revisions"}],"predecessor-version":[{"id":3040,"href":"https:\/\/agenttiseikkailu.fi\/sv\/wp-json\/wp\/v2\/pages\/334\/revisions\/3040"}],"wp:attachment":[{"href":"https:\/\/agenttiseikkailu.fi\/sv\/wp-json\/wp\/v2\/media?parent=334"}],"curies":[{"name":"wp","href":"https:\/\/api.w.org\/{rel}","templated":true}]}}