{"id":330,"date":"2018-12-06T14:06:57","date_gmt":"2018-12-06T14:06:57","guid":{"rendered":"https:\/\/agenttiseikkailu.fi\/?page_id=330"},"modified":"2025-11-03T10:14:26","modified_gmt":"2025-11-03T08:14:26","slug":"poanglage","status":"publish","type":"page","link":"https:\/\/agenttiseikkailu.fi\/sv\/poanglage\/","title":{"rendered":"Po\u00e4ngl\u00e4ge"},"content":{"rendered":"\n<h2 class=\"wp-block-heading\">TOP 20 AGENTKLASSER<\/h2>\n\n\n\n<p>P\u00e5 klassens egna hemidor ser du alltid po\u00e4ngsituationen i realitid:<\/p>\n\n\n\n<p><a class=\"to-kaikki-luokat\" href=\"#kaikki-luokat\" target=\"_blank\" rel=\"noopener\"><strong>Po\u00e4ngen f\u00f6r alla deltagande klasser ser du h\u00e4r >><\/strong><\/a><\/p>\n","protected":false},"excerpt":{"rendered":"TOP 20 AGENTKLASSER P\u00e5 klassens egna hemidor ser du alltid po\u00e4ngsituationen i realitid: Po\u00e4ngen f\u00f6r alla deltagande klasser ser du h\u00e4r >>","protected":false},"author":1,"featured_media":0,"parent":0,"menu_order":0,"comment_status":"closed","ping_status":"closed","template":"top-agentit.php","meta":{"_acf_changed":false,"inline_featured_image":false,"footnotes":""},"class_list":["post-330","page","type-page","status-publish","hentry"],"acf":[],"yoast_head":"<!-- This site is optimized with the Yoast SEO plugin v27.3 - https:\/\/yoast.com\/product\/yoast-seo-wordpress\/ -->\n<title>Po\u00e4ngl\u00e4ge - Agent\u00e4ventyr<\/title>\n<meta name=\"robots\" content=\"index, follow, max-snippet:-1, max-image-preview:large, max-video-preview:-1\" \/>\n<link rel=\"canonical\" href=\"https:\/\/agenttiseikkailu.fi\/sv\/poanglage\/\" \/>\n<meta property=\"og:locale\" content=\"sv_SE\" \/>\n<meta property=\"og:type\" content=\"article\" \/>\n<meta property=\"og:title\" content=\"Po\u00e4ngl\u00e4ge - Agent\u00e4ventyr\" \/>\n<meta property=\"og:description\" content=\"TOP 20 AGENTKLASSER P\u00e5 klassens egna hemidor ser du alltid po\u00e4ngsituationen i realitid: Po\u00e4ngen f\u00f6r alla deltagande klasser ser du h\u00e4r &gt;&gt;\" \/>\n<meta property=\"og:url\" content=\"https:\/\/agenttiseikkailu.fi\/sv\/poanglage\/\" \/>\n<meta property=\"og:site_name\" content=\"Agent\u00e4ventyr\" \/>\n<meta property=\"article:modified_time\" content=\"2025-11-03T08:14:26+00:00\" \/>\n<meta property=\"og:image\" content=\"https:\/\/agenttiseikkailu.fi\/wp-content\/uploads\/2018\/04\/agenttiseikkailu-fb.png\" \/>\n\t<meta property=\"og:image:width\" content=\"1200\" \/>\n\t<meta property=\"og:image:height\" content=\"630\" \/>\n\t<meta property=\"og:image:type\" content=\"image\/png\" \/>\n<meta name=\"twitter:card\" content=\"summary_large_image\" \/>\n<meta name=\"twitter:label1\" content=\"Ber\u00e4knad l\u00e4stid\" \/>\n\t<meta name=\"twitter:data1\" content=\"1 minut\" \/>\n<script type=\"application\/ld+json\" class=\"yoast-schema-graph\">{\"@context\":\"https:\\\/\\\/schema.org\",\"@graph\":[{\"@type\":\"WebPage\",\"@id\":\"https:\\\/\\\/agenttiseikkailu.fi\\\/sv\\\/poanglage\\\/\",\"url\":\"https:\\\/\\\/agenttiseikkailu.fi\\\/sv\\\/poanglage\\\/\",\"name\":\"Po\u00e4ngl\u00e4ge - Agent\u00e4ventyr\",\"isPartOf\":{\"@id\":\"https:\\\/\\\/agenttiseikkailu.fi\\\/#website\"},\"datePublished\":\"2018-12-06T14:06:57+00:00\",\"dateModified\":\"2025-11-03T08:14:26+00:00\",\"breadcrumb\":{\"@id\":\"https:\\\/\\\/agenttiseikkailu.fi\\\/sv\\\/poanglage\\\/#breadcrumb\"},\"inLanguage\":\"sv-SE\",\"potentialAction\":[{\"@type\":\"ReadAction\",\"target\":[\"https:\\\/\\\/agenttiseikkailu.fi\\\/sv\\\/poanglage\\\/\"]}]},{\"@type\":\"BreadcrumbList\",\"@id\":\"https:\\\/\\\/agenttiseikkailu.fi\\\/sv\\\/poanglage\\\/#breadcrumb\",\"itemListElement\":[{\"@type\":\"ListItem\",\"position\":1,\"name\":\"Home\",\"item\":\"https:\\\/\\\/agenttiseikkailu.fi\\\/sv\\\/\"},{\"@type\":\"ListItem\",\"position\":2,\"name\":\"Po\u00e4ngl\u00e4ge\"}]},{\"@type\":\"WebSite\",\"@id\":\"https:\\\/\\\/agenttiseikkailu.fi\\\/#website\",\"url\":\"https:\\\/\\\/agenttiseikkailu.fi\\\/\",\"name\":\"Agent\u00e4ventyr\",\"description\":\"\",\"potentialAction\":[{\"@type\":\"SearchAction\",\"target\":{\"@type\":\"EntryPoint\",\"urlTemplate\":\"https:\\\/\\\/agenttiseikkailu.fi\\\/?s={search_term_string}\"},\"query-input\":{\"@type\":\"PropertyValueSpecification\",\"valueRequired\":true,\"valueName\":\"search_term_string\"}}],\"inLanguage\":\"sv-SE\"}]}<\/script>\n<!-- \/ Yoast SEO plugin. -->","yoast_head_json":{"title":"Po\u00e4ngl\u00e4ge - Agent\u00e4ventyr","robots":{"index":"index","follow":"follow","max-snippet":"max-snippet:-1","max-image-preview":"max-image-preview:large","max-video-preview":"max-video-preview:-1"},"canonical":"https:\/\/agenttiseikkailu.fi\/sv\/poanglage\/","og_locale":"sv_SE","og_type":"article","og_title":"Po\u00e4ngl\u00e4ge - Agent\u00e4ventyr","og_description":"TOP 20 AGENTKLASSER P\u00e5 klassens egna hemidor ser du alltid po\u00e4ngsituationen i realitid: Po\u00e4ngen f\u00f6r alla deltagande klasser ser du h\u00e4r >>","og_url":"https:\/\/agenttiseikkailu.fi\/sv\/poanglage\/","og_site_name":"Agent\u00e4ventyr","article_modified_time":"2025-11-03T08:14:26+00:00","og_image":[{"width":1200,"height":630,"url":"https:\/\/agenttiseikkailu.fi\/wp-content\/uploads\/2018\/04\/agenttiseikkailu-fb.png","type":"image\/png"}],"twitter_card":"summary_large_image","twitter_misc":{"Ber\u00e4knad l\u00e4stid":"1 minut"},"schema":{"@context":"https:\/\/schema.org","@graph":[{"@type":"WebPage","@id":"https:\/\/agenttiseikkailu.fi\/sv\/poanglage\/","url":"https:\/\/agenttiseikkailu.fi\/sv\/poanglage\/","name":"Po\u00e4ngl\u00e4ge - Agent\u00e4ventyr","isPartOf":{"@id":"https:\/\/agenttiseikkailu.fi\/#website"},"datePublished":"2018-12-06T14:06:57+00:00","dateModified":"2025-11-03T08:14:26+00:00","breadcrumb":{"@id":"https:\/\/agenttiseikkailu.fi\/sv\/poanglage\/#breadcrumb"},"inLanguage":"sv-SE","potentialAction":[{"@type":"ReadAction","target":["https:\/\/agenttiseikkailu.fi\/sv\/poanglage\/"]}]},{"@type":"BreadcrumbList","@id":"https:\/\/agenttiseikkailu.fi\/sv\/poanglage\/#breadcrumb","itemListElement":[{"@type":"ListItem","position":1,"name":"Home","item":"https:\/\/agenttiseikkailu.fi\/sv\/"},{"@type":"ListItem","position":2,"name":"Po\u00e4ngl\u00e4ge"}]},{"@type":"WebSite","@id":"https:\/\/agenttiseikkailu.fi\/#website","url":"https:\/\/agenttiseikkailu.fi\/","name":"Agent\u00e4ventyr","description":"","potentialAction":[{"@type":"SearchAction","target":{"@type":"EntryPoint","urlTemplate":"https:\/\/agenttiseikkailu.fi\/?s={search_term_string}"},"query-input":{"@type":"PropertyValueSpecification","valueRequired":true,"valueName":"search_term_string"}}],"inLanguage":"sv-SE"}]}},"_links":{"self":[{"href":"https:\/\/agenttiseikkailu.fi\/sv\/wp-json\/wp\/v2\/pages\/330","targetHints":{"allow":["GET"]}}],"collection":[{"href":"https:\/\/agenttiseikkailu.fi\/sv\/wp-json\/wp\/v2\/pages"}],"about":[{"href":"https:\/\/agenttiseikkailu.fi\/sv\/wp-json\/wp\/v2\/types\/page"}],"author":[{"embeddable":true,"href":"https:\/\/agenttiseikkailu.fi\/sv\/wp-json\/wp\/v2\/users\/1"}],"replies":[{"embeddable":true,"href":"https:\/\/agenttiseikkailu.fi\/sv\/wp-json\/wp\/v2\/comments?post=330"}],"version-history":[{"count":6,"href":"https:\/\/agenttiseikkailu.fi\/sv\/wp-json\/wp\/v2\/pages\/330\/revisions"}],"predecessor-version":[{"id":3414,"href":"https:\/\/agenttiseikkailu.fi\/sv\/wp-json\/wp\/v2\/pages\/330\/revisions\/3414"}],"wp:attachment":[{"href":"https:\/\/agenttiseikkailu.fi\/sv\/wp-json\/wp\/v2\/media?parent=330"}],"curies":[{"name":"wp","href":"https:\/\/api.w.org\/{rel}","templated":true}]}}