{"id":327,"date":"2018-03-13T09:04:07","date_gmt":"2018-03-13T09:04:07","guid":{"rendered":"https:\/\/agenttiseikkailu.fi\/?page_id=327"},"modified":"2024-09-26T10:42:44","modified_gmt":"2024-09-26T07:42:44","slug":"stod-for-undervisningen","status":"publish","type":"page","link":"https:\/\/agenttiseikkailu.fi\/sv\/stod-for-undervisningen\/","title":{"rendered":"St\u00f6d f\u00f6r undervisningen"},"content":{"rendered":"\n<p>Agent\u00e4ventyret introducerar eleverna till en h\u00e5llbar livsstil och sparandet av naturresurser. Agentuppgifterna uppmuntrar till att spara p\u00e5 electricitet och vatten, till \u00e5tervinning, till att minska p\u00e5 matsvinnet och till h\u00e5llbar transport. Under Agent\u00e4ventyret l\u00f6nar det sig att diskutera teman nedan med eleverna och tillsammana leta svar p\u00e5 de olika fr\u00e5gorna.<\/p>\n\n\n\n<div class=\"wp-block-group is-layout-constrained wp-block-group-is-layout-constrained\"><\/div>\n\n\n\n<h3 class=\"wp-block-heading\">Energi<\/h3>\n\n\n\n<p><a href=\"https:\/\/agenttiseikkailu.fi\/wp-content\/uploads\/2024\/09\/01_energian-synty-ruotsiversio.jpg\" target=\"_blank\" rel=\"noreferrer noopener\">Ladda ner bilden och diskutera dessa teman<\/a><\/p>\n\n\n\n<ul class=\"wp-block-list\">\n<li>Vad \u00e4r energi?<\/li>\n\n\n\n<li>Varifr\u00e5n kommer energi? P\u00e5 vilka olika s\u00e4tt produceras energi?<\/li>\n\n\n\n<li>Hur produceras energi i din hembygd?<\/li>\n\n\n\n<li>Till vad anv\u00e4nds electricitet?<\/li>\n<\/ul>\n\n\n\n<p>Vi beh\u00f6ver energi f\u00f6r v\u00e5ra dagliga sysslor omkring oss, men energiproduktionen belastar milj\u00f6n och d\u00e4rf\u00f6r borde vi anv\u00e4nda s\u00e5 lite energi som m\u00f6jligt. Agenten st\u00e4nger alltid av apparater som \u00e4r p\u00e5slagna i on\u00f6dan, t.ex. belysning, TV eller spelkonsoler och minskar p\u00e5 detta s\u00e4tt on\u00f6dig energif\u00f6rbrukning.<\/p>\n\n\n\n<h3 class=\"wp-block-heading\">\u00c5tervinning<\/h3>\n\n\n\n<p><a href=\"https:\/\/agenttiseikkailu.fi\/wp-content\/uploads\/2024\/09\/02_kierratys-ruotsiversio.jpg\">Ladda ner bilden och<\/a><a href=\"https:\/\/agenttiseikkailu.fi\/wp-content\/uploads\/2024\/09\/02_kierratys-ruotsiversio.jpg\" target=\"_blank\" rel=\"noreferrer noopener\"> diskutera dessa teman<\/a><\/p>\n\n\n\n<ul class=\"wp-block-list\">\n<li>Varf\u00f6r f\u00f6rbrukar produktionen av olika varor energi? Exempelvis kl\u00e4der och leksaker.<\/li>\n\n\n\n<li>Varf\u00f6r \u00e4r \u00e5tervinning viktigt?<\/li>\n\n\n\n<li>Vad kan man g\u00f6ra av det \u00e5tervunna materialet? Exempelvis \u00e5tervunnet glas, kartong och dagstidningar?<\/li>\n<\/ul>\n\n\n\n<p>Var och en av oss producerar \u00e5rligen 500 kg skr\u00e4p och alla finl\u00e4ndare sammanlagt ungef\u00e4r 2,5 miljarder kg. Det \u00e4r enormt mycket skr\u00e4p.<\/p>\n\n\n\n<p>Agenten vet att sopor \u00e4r v\u00e4rdef\u00f6rem\u00e5l eftersom de inneh\u00e5ller dyra material.&nbsp;Agenten kan minska p\u00e5 m\u00e4ngden avfall&nbsp;genom att sortera soporna, eftersom&nbsp;r\u00e5materialet som f\u00e5s fr\u00e5n sopor kan&nbsp;anv\u00e4ndas f\u00f6r att producera nya varor.<\/p>\n\n\n\n<p>I <a href=\"https:\/\/niini.fi\/wp-content\/uploads\/2021\/01\/HSY0184_Noko_visar_vagen-pysselboz_sv.pdf\">N\u00f6k\u00f6 visar v\u00e4gen -pysselboken<\/a>, som Helsingforsregionens milj\u00f6tj\u00e4nster (HRM) -samkommunen har producerat, finns ocks\u00e5 uppgifter om \u00e5tervinning och sortering.<\/p>\n\n\n\n<h3 class=\"wp-block-heading\">Vatten<\/h3>\n\n\n\n<p><a href=\"https:\/\/agenttiseikkailu.fi\/wp-content\/uploads\/2024\/09\/03_vesi-ruotsiversio.jpg\" target=\"_blank\" rel=\"noreferrer noopener\">Ladda ner bilden och diskutera dessa teman<\/a><\/p>\n\n\n\n<ul class=\"wp-block-list\">\n<li>Varifr\u00e5n f\u00e5r vi rent vatten?<\/li>\n\n\n\n<li>Varf\u00f6r l\u00f6nar det sig att spara vatten?<\/li>\n\n\n\n<li>Varf\u00f6r beh\u00f6vs det energi f\u00f6r att producera varmt vatten?&nbsp;Vad anv\u00e4nder vi mest varmt vatten till hemma?<\/li>\n<\/ul>\n\n\n\n<p>Agenten sparar \u00e5rligen vatten en m\u00e4ngd&nbsp;motsvarande en simbass\u00e4ng, dvs.&nbsp;ungef\u00e4r 13 000 liter, d\u00e5 agenten har&nbsp;vattenkranen st\u00e4ngd och anv\u00e4nder tandmugg&nbsp;d\u00e5 hen tv\u00e4ttar t\u00e4nderna.<\/p>\n\n\n\n<h3 class=\"wp-block-heading\">Mat<\/h3>\n\n\n\n<p><a href=\"https:\/\/agenttiseikkailu.fi\/wp-content\/uploads\/2024\/09\/04_ruoantuotanto-ruotsiversio.jpg\">Ladda ner bilden och diskutera de<\/a><a href=\"https:\/\/agenttiseikkailu.fi\/wp-content\/uploads\/2024\/09\/04_ruoantuotanto-ruotsiversio.jpg\" target=\"_blank\" rel=\"noreferrer noopener\">ssa teman<\/a><\/p>\n\n\n\n<ul class=\"wp-block-list\">\n<li>Var och hur produceras mat? Vilka saker beh\u00f6vs f\u00f6r att producera mat?<\/li>\n\n\n\n<li>Hur m\u00e5nga m\u00e4nniskors arbete beh\u00f6vs f\u00f6r att maten f\u00e5s p\u00e5 tallriken?<\/li>\n\n\n\n<li>Varf\u00f6r g\u00e5r mat till spillo hemma eller i skolan?<\/li>\n<\/ul>\n\n\n\n<p>F\u00e4rdigt undervisningsmaterial:<\/p>\n\n\n\n<p><a href=\"https:\/\/www.ruokatieto.fi\/ruokakasvatus\/ruuan-reitti-ruokakasvatusta-alakouluille\" target=\"_blank\" rel=\"noopener noreferrer\">Material f\u00f6r l\u00e5gstadieelever om matens resa fr\u00e5n \u00e5kern till matbordet<\/a>&nbsp;(p\u00e5 finska)<\/p>\n\n\n\n<p>Agenten har f\u00e5tt reda p\u00e5 att var och en av oss \u00e5rligen sl\u00e4nger bort mat en m\u00e4ngd motsvarande 100 godisp\u00e5sar. Agenten spiller ingenting, men framf\u00f6rallt inte mat. D\u00e4rf\u00f6r tar agenten endast s\u00e5 mycket mat mat p\u00e5 tallriken som hen orkar \u00e4ta.<\/p>\n\n\n\n<h3 class=\"wp-block-heading\">Transport<\/h3>\n\n\n\n<p><a href=\"https:\/\/agenttiseikkailu.fi\/wp-content\/uploads\/2024\/09\/05_liikkuminen-ruotsiversio.jpg\" target=\"_blank\" rel=\"noreferrer noopener\">Ladda ner bilden och diskutera dessa teman<\/a><\/p>\n\n\n\n<ul class=\"wp-block-list\">\n<li>Med vilka olika transportmedel har du tagit dig fr\u00e5n ett st\u00e4lle till ett annat?<\/li>\n\n\n\n<li>Med vilka transportmedel r\u00f6r du dig dagligen?<\/li>\n\n\n\n<li>Hur f\u00e5r vi olika fordon att r\u00f6ra p\u00e5 sig?<\/li>\n\n\n\n<li>Varf\u00f6r b\u00f6rjar du m\u00e5 bra av att g\u00e5 eller cykla?<\/li>\n<\/ul>\n\n\n\n<p>Agenten sparar p\u00e5 naturen genom att g\u00e5 eller cykla fr\u00e5n en plats till en annan och d\u00e4rf\u00f6r h\u00e5lls agenten ocks\u00e5 i suver\u00e4nt agentskick.<\/p>\n","protected":false},"excerpt":{"rendered":"Agent\u00e4ventyret introducerar eleverna till en h\u00e5llbar livsstil och sparandet av naturresurser. Agentuppgifterna uppmuntrar till att spara p\u00e5 electricitet och vatten, till \u00e5tervinning, till att minska p\u00e5 matsvinnet och till h\u00e5llbar transport. Under Agent\u00e4ventyret l\u00f6nar det sig att diskutera teman nedan med eleverna och tillsammana leta svar p\u00e5 de olika fr\u00e5gorna. Energi Ladda ner bilden och&#8230; <a class=\"view-article\" href=\"https:\/\/agenttiseikkailu.fi\/sv\/stod-for-undervisningen\/\">View Article<\/a>","protected":false},"author":1,"featured_media":0,"parent":0,"menu_order":0,"comment_status":"closed","ping_status":"closed","template":"","meta":{"_acf_changed":false,"inline_featured_image":false,"footnotes":""},"class_list":["post-327","page","type-page","status-publish","hentry"],"acf":[],"yoast_head":"<!-- This site is optimized with the Yoast SEO plugin v27.4 - https:\/\/yoast.com\/product\/yoast-seo-wordpress\/ -->\n<title>St\u00f6d f\u00f6r undervisningen - Agent\u00e4ventyr<\/title>\n<meta name=\"robots\" content=\"index, follow, max-snippet:-1, max-image-preview:large, max-video-preview:-1\" \/>\n<link rel=\"canonical\" href=\"https:\/\/agenttiseikkailu.fi\/sv\/stod-for-undervisningen\/\" \/>\n<meta property=\"og:locale\" content=\"sv_SE\" \/>\n<meta property=\"og:type\" content=\"article\" \/>\n<meta property=\"og:title\" content=\"St\u00f6d f\u00f6r undervisningen - Agent\u00e4ventyr\" \/>\n<meta property=\"og:description\" content=\"Agent\u00e4ventyret introducerar eleverna till en h\u00e5llbar livsstil och sparandet av naturresurser. Agentuppgifterna uppmuntrar till att spara p\u00e5 electricitet och vatten, till \u00e5tervinning, till att minska p\u00e5 matsvinnet och till h\u00e5llbar transport. Under Agent\u00e4ventyret l\u00f6nar det sig att diskutera teman nedan med eleverna och tillsammana leta svar p\u00e5 de olika fr\u00e5gorna. Energi Ladda ner bilden och... View Article\" \/>\n<meta property=\"og:url\" content=\"https:\/\/agenttiseikkailu.fi\/sv\/stod-for-undervisningen\/\" \/>\n<meta property=\"og:site_name\" content=\"Agent\u00e4ventyr\" \/>\n<meta property=\"article:modified_time\" content=\"2024-09-26T07:42:44+00:00\" \/>\n<meta property=\"og:image\" content=\"https:\/\/agenttiseikkailu.fi\/wp-content\/uploads\/2018\/04\/agenttiseikkailu-fb.png\" \/>\n\t<meta property=\"og:image:width\" content=\"1200\" \/>\n\t<meta property=\"og:image:height\" content=\"630\" \/>\n\t<meta property=\"og:image:type\" content=\"image\/png\" \/>\n<meta name=\"twitter:card\" content=\"summary_large_image\" \/>\n<meta name=\"twitter:label1\" content=\"Ber\u00e4knad l\u00e4stid\" \/>\n\t<meta name=\"twitter:data1\" content=\"3 minuter\" \/>\n<script type=\"application\/ld+json\" class=\"yoast-schema-graph\">{\"@context\":\"https:\\\/\\\/schema.org\",\"@graph\":[{\"@type\":\"WebPage\",\"@id\":\"https:\\\/\\\/agenttiseikkailu.fi\\\/sv\\\/stod-for-undervisningen\\\/\",\"url\":\"https:\\\/\\\/agenttiseikkailu.fi\\\/sv\\\/stod-for-undervisningen\\\/\",\"name\":\"St\u00f6d f\u00f6r undervisningen - Agent\u00e4ventyr\",\"isPartOf\":{\"@id\":\"https:\\\/\\\/agenttiseikkailu.fi\\\/#website\"},\"datePublished\":\"2018-03-13T09:04:07+00:00\",\"dateModified\":\"2024-09-26T07:42:44+00:00\",\"breadcrumb\":{\"@id\":\"https:\\\/\\\/agenttiseikkailu.fi\\\/sv\\\/stod-for-undervisningen\\\/#breadcrumb\"},\"inLanguage\":\"sv-SE\",\"potentialAction\":[{\"@type\":\"ReadAction\",\"target\":[\"https:\\\/\\\/agenttiseikkailu.fi\\\/sv\\\/stod-for-undervisningen\\\/\"]}]},{\"@type\":\"BreadcrumbList\",\"@id\":\"https:\\\/\\\/agenttiseikkailu.fi\\\/sv\\\/stod-for-undervisningen\\\/#breadcrumb\",\"itemListElement\":[{\"@type\":\"ListItem\",\"position\":1,\"name\":\"Home\",\"item\":\"https:\\\/\\\/agenttiseikkailu.fi\\\/sv\\\/\"},{\"@type\":\"ListItem\",\"position\":2,\"name\":\"St\u00f6d f\u00f6r undervisningen\"}]},{\"@type\":\"WebSite\",\"@id\":\"https:\\\/\\\/agenttiseikkailu.fi\\\/#website\",\"url\":\"https:\\\/\\\/agenttiseikkailu.fi\\\/\",\"name\":\"Agent\u00e4ventyr\",\"description\":\"\",\"potentialAction\":[{\"@type\":\"SearchAction\",\"target\":{\"@type\":\"EntryPoint\",\"urlTemplate\":\"https:\\\/\\\/agenttiseikkailu.fi\\\/?s={search_term_string}\"},\"query-input\":{\"@type\":\"PropertyValueSpecification\",\"valueRequired\":true,\"valueName\":\"search_term_string\"}}],\"inLanguage\":\"sv-SE\"}]}<\/script>\n<!-- \/ Yoast SEO plugin. -->","yoast_head_json":{"title":"St\u00f6d f\u00f6r undervisningen - Agent\u00e4ventyr","robots":{"index":"index","follow":"follow","max-snippet":"max-snippet:-1","max-image-preview":"max-image-preview:large","max-video-preview":"max-video-preview:-1"},"canonical":"https:\/\/agenttiseikkailu.fi\/sv\/stod-for-undervisningen\/","og_locale":"sv_SE","og_type":"article","og_title":"St\u00f6d f\u00f6r undervisningen - Agent\u00e4ventyr","og_description":"Agent\u00e4ventyret introducerar eleverna till en h\u00e5llbar livsstil och sparandet av naturresurser. Agentuppgifterna uppmuntrar till att spara p\u00e5 electricitet och vatten, till \u00e5tervinning, till att minska p\u00e5 matsvinnet och till h\u00e5llbar transport. Under Agent\u00e4ventyret l\u00f6nar det sig att diskutera teman nedan med eleverna och tillsammana leta svar p\u00e5 de olika fr\u00e5gorna. Energi Ladda ner bilden och... View Article","og_url":"https:\/\/agenttiseikkailu.fi\/sv\/stod-for-undervisningen\/","og_site_name":"Agent\u00e4ventyr","article_modified_time":"2024-09-26T07:42:44+00:00","og_image":[{"width":1200,"height":630,"url":"https:\/\/agenttiseikkailu.fi\/wp-content\/uploads\/2018\/04\/agenttiseikkailu-fb.png","type":"image\/png"}],"twitter_card":"summary_large_image","twitter_misc":{"Ber\u00e4knad l\u00e4stid":"3 minuter"},"schema":{"@context":"https:\/\/schema.org","@graph":[{"@type":"WebPage","@id":"https:\/\/agenttiseikkailu.fi\/sv\/stod-for-undervisningen\/","url":"https:\/\/agenttiseikkailu.fi\/sv\/stod-for-undervisningen\/","name":"St\u00f6d f\u00f6r undervisningen - Agent\u00e4ventyr","isPartOf":{"@id":"https:\/\/agenttiseikkailu.fi\/#website"},"datePublished":"2018-03-13T09:04:07+00:00","dateModified":"2024-09-26T07:42:44+00:00","breadcrumb":{"@id":"https:\/\/agenttiseikkailu.fi\/sv\/stod-for-undervisningen\/#breadcrumb"},"inLanguage":"sv-SE","potentialAction":[{"@type":"ReadAction","target":["https:\/\/agenttiseikkailu.fi\/sv\/stod-for-undervisningen\/"]}]},{"@type":"BreadcrumbList","@id":"https:\/\/agenttiseikkailu.fi\/sv\/stod-for-undervisningen\/#breadcrumb","itemListElement":[{"@type":"ListItem","position":1,"name":"Home","item":"https:\/\/agenttiseikkailu.fi\/sv\/"},{"@type":"ListItem","position":2,"name":"St\u00f6d f\u00f6r undervisningen"}]},{"@type":"WebSite","@id":"https:\/\/agenttiseikkailu.fi\/#website","url":"https:\/\/agenttiseikkailu.fi\/","name":"Agent\u00e4ventyr","description":"","potentialAction":[{"@type":"SearchAction","target":{"@type":"EntryPoint","urlTemplate":"https:\/\/agenttiseikkailu.fi\/?s={search_term_string}"},"query-input":{"@type":"PropertyValueSpecification","valueRequired":true,"valueName":"search_term_string"}}],"inLanguage":"sv-SE"}]}},"_links":{"self":[{"href":"https:\/\/agenttiseikkailu.fi\/sv\/wp-json\/wp\/v2\/pages\/327","targetHints":{"allow":["GET"]}}],"collection":[{"href":"https:\/\/agenttiseikkailu.fi\/sv\/wp-json\/wp\/v2\/pages"}],"about":[{"href":"https:\/\/agenttiseikkailu.fi\/sv\/wp-json\/wp\/v2\/types\/page"}],"author":[{"embeddable":true,"href":"https:\/\/agenttiseikkailu.fi\/sv\/wp-json\/wp\/v2\/users\/1"}],"replies":[{"embeddable":true,"href":"https:\/\/agenttiseikkailu.fi\/sv\/wp-json\/wp\/v2\/comments?post=327"}],"version-history":[{"count":6,"href":"https:\/\/agenttiseikkailu.fi\/sv\/wp-json\/wp\/v2\/pages\/327\/revisions"}],"predecessor-version":[{"id":2153,"href":"https:\/\/agenttiseikkailu.fi\/sv\/wp-json\/wp\/v2\/pages\/327\/revisions\/2153"}],"wp:attachment":[{"href":"https:\/\/agenttiseikkailu.fi\/sv\/wp-json\/wp\/v2\/media?parent=327"}],"curies":[{"name":"wp","href":"https:\/\/api.w.org\/{rel}","templated":true}]}}