{"id":325,"date":"2018-03-13T09:03:57","date_gmt":"2018-03-13T09:03:57","guid":{"rendered":"https:\/\/agenttiseikkailu.fi\/?page_id=325"},"modified":"2025-11-03T09:34:48","modified_gmt":"2025-11-03T07:34:48","slug":"anvisningar-och-agentkort","status":"publish","type":"page","link":"https:\/\/agenttiseikkailu.fi\/sv\/anvisningar-och-agentkort\/","title":{"rendered":"Anvisningar och agentkort"},"content":{"rendered":"\n<p>I Agent\u00e4ventyret t\u00e4vlar klasserna om vem som lyckas utf\u00f6r flest uppgifter med anknytning till h\u00e5llbar utveckling under t\u00e4vlingstiden. T\u00e4vlingstiden \u00e4r 3.\u201316.11.2025. Eleverna utf\u00f6r agentuppgifter under 10 vardagar och registrerar alltid f\u00f6ljande dag de utf\u00f6rda uppgifterna p\u00e5 klassens profilsida tillsammans med l\u00e4raren.<\/p>\n\n\n\n<h5 class=\"wp-block-heading\">Anvisningar f\u00f6r att anm\u00e4la klassen med i t\u00e4vlingen och hur inleda \u00e4ventyret:<\/h5>\n\n\n\n<ol class=\"wp-block-list\">\n<li>Skapa en egen <a href=\"https:\/\/agenttiseikkailu.fi\/sv\/gor-anmalan-har\/\" target=\"_blank\" rel=\"noopener noreferrer\">profilsida<\/a> till din klass. Skapandet av klassens profilsida fungerar samtidigt som anm\u00e4lan att delta i \u00e4ventyret. Ni kan tillsammans hitta p\u00e5 ett namn f\u00f6r ert team och du kan v\u00e4lja en profilbild f\u00f6r din klass bland de ikoner som finns, eller ladda upp en egen bild f\u00f6r klassen som ni vill anv\u00e4nda. Kom ih\u00e5g att spara anv\u00e4ndarnamn och l\u00f6senord.<\/li>\n\n\n\n<li>Skriv ut elevernas egna <a href=\"https:\/\/agenttiseikkailu.fi\/wp-content\/uploads\/2025\/09\/agenttikortti-2025-svenska.pdf\">Agentkort 2025 svenska<\/a> och g\u00e5 tillsammans med eleverna igenom uppgifterna och hur t\u00e4vlingen framskrider.<\/li>\n\n\n\n<li>G\u00e5 igenom uppgifterna p\u00e5 Agentkortet. Eleverna antecknar dagligen p\u00e5 sina Agentkort de uppgifter som eleverna utf\u00f6rt hemma och i skolan. Uppgifterna kan utf\u00f6ras flera g\u00e5nger per dag, men eleven antecknar uppgiften som utf\u00f6rd bara en g\u00e5ng.<\/li>\n\n\n\n<li>Om n\u00e5gon elev blir sjuk under \u00e4ventyret kan alla hens uppgifter under sjukfr\u00e5nvaron antecknas som utf\u00f6rda.<\/li>\n\n\n\n<li>L\u00e4raren r\u00e4knar ihop och antecknar dagligen klassens sammanlagda po\u00e4ng tillsammans med eleverna p\u00e5 Agent\u00e4ventyrssidan. Fyll i f\u00f6reg\u00e5ende dags po\u00e4ng alltid f\u00f6ljande dag. Uppgifterna som g\u00e4ller fredagen vecka 46 (14.11.) m\u00e5ste antecknas p\u00e5 sidan senast tisdagen den 18.11.2025. Po\u00e4ngen behandlas i proprtion till klassens storlek.<\/li>\n\n\n\n<li>Samla till\u00e4ggspo\u00e4ng \u00e5t klassen p\u00e5 fyra olika s\u00e4tt. Se anvisningarna nedtill p\u00e5 sidan.<\/li>\n\n\n\n<li>Informera \u00e4ven hemmen om att ni deltar i t\u00e4vlingen. <a href=\"https:\/\/agenttiseikkailu.fi\/wp-content\/uploads\/2025\/10\/wilma-info-p-svenska-2025.docx\">Wilma-info 2025 svenska<\/a>.<\/li>\n\n\n\n<li>Om du har&nbsp; fr\u00e5gor kan du kontakta oss genom att skicka meddelande via formul\u00e4ret. <a href=\"https:\/\/agenttiseikkailu.fi\/sv\/kontakta-oss\/\">Du hittar formul\u00e4ret h\u00e4r.<\/a><\/li>\n<\/ol>\n\n\n\n<p>N\u00e4r du skapar en profilsida \u00e5t din klass anm\u00e4ler du samtidigt klassen som deltagare i Agent\u00e4ventyret. Efter anm\u00e4lningen kan ni j\u00e4mf\u00f6ra era resultat med de andra deltagande klassernas resultat. Samtidigt f\u00e5r ni reda p\u00e5 hur er klass framskrider i de olika uppgifterna.<\/p>\n\n\n\n<div class=\"wp-block-columns steps is-layout-flex wp-container-core-columns-is-layout-28f84493 wp-block-columns-is-layout-flex\">\n<div class=\"wp-block-column is-layout-flow wp-block-column-is-layout-flow\">\n<figure class=\"wp-block-image size-full\"><img decoding=\"async\" src=\"https:\/\/agenttiseikkailu.fi\/wp-content\/uploads\/2018\/03\/step-agenttikortti-01.svg\" alt=\"\" class=\"wp-image-36\"\/><\/figure>\n\n\n\n<p class=\"has-text-align-center has-blue-color has-text-color\" style=\"font-style:normal;font-weight:700\">Skriv ut de officiella agentkorten<\/p>\n<\/div>\n\n\n\n<div class=\"wp-block-column is-layout-flow wp-block-column-is-layout-flow\">\n<figure class=\"wp-block-image size-full\"><img decoding=\"async\" src=\"https:\/\/agenttiseikkailu.fi\/wp-content\/uploads\/2018\/03\/step-suurennuslasi-01.svg\" alt=\"\" class=\"wp-image-39\"\/><\/figure>\n\n\n\n<p class=\"has-text-align-center has-blue-color has-text-color\" style=\"font-style:normal;font-weight:700\">Utf\u00f6r dagligen olika agentuppgifter<\/p>\n<\/div>\n\n\n\n<div class=\"wp-block-column is-layout-flow wp-block-column-is-layout-flow\">\n<figure class=\"wp-block-image size-full\"><img decoding=\"async\" src=\"https:\/\/agenttiseikkailu.fi\/wp-content\/uploads\/2018\/03\/step-laptop-01.svg\" alt=\"\" class=\"wp-image-37\"\/><\/figure>\n\n\n\n<p class=\"has-text-align-center has-blue-color has-text-color\" style=\"font-style:normal;font-weight:700\">Anm\u00e4l de po\u00e4ng som ni tj\u00e4nat ihop i de olika uppgifterna p\u00e5 agent\u00e4ventyrets hemsida<\/p>\n<\/div>\n\n\n\n<div class=\"wp-block-column is-vertically-aligned-center is-layout-flow wp-block-column-is-layout-flow\">\n<figure class=\"wp-block-image size-full\"><img decoding=\"async\" src=\"https:\/\/agenttiseikkailu.fi\/wp-content\/uploads\/2018\/03\/step-ruusuke-1-01.svg\" alt=\"\" class=\"wp-image-38\"\/><\/figure>\n\n\n\n<p class=\"has-text-align-center has-blue-color has-text-color\" style=\"font-style:normal;font-weight:700\">T\u00e4vla med de andra klasserna och vinn olika priser!<\/p>\n<\/div>\n<\/div>\n\n\n    <div class=\"haaste-luokkia-container svg-border-section\">\n        <div class=\"haaste-luokkia-container-inner\">\n            <h3>Utmana andra klasser att delta i Agent\u00e4ventyret!<\/h3>\n            <!-- Button trigger modal -->\n            <a class=\"hkt-btn htk-btn-blue\" data-bs-toggle=\"modal\" data-bs-target=\"#haasta-luokkia\">Utmana klasser att delta!<\/a>\n\n            <div class=\"muru-tip-container\" data-bs-toggle=\"modal\" data-bs-target=\"#murun-vinkki\">\n                <img decoding=\"async\" src=\"\/wp-content\/themes\/agenttiseikkailu\/img\/muru_3.svg\" \/>\n                <div class=\"muru-tip-bubble\">\n                    <div class=\"muru-tip-bubble-text\">Vill du ha ett tips om hur ni kan tj\u00e4na mera po\u00e4ng?<\/div>\n                <\/div>\n            <\/div>\n        <\/div>\n\n        <!-- Haasta luokkia Modal -->\n        <div class=\"modal fade\" id=\"haasta-luokkia\" tabindex=\"-1\" role=\"dialog\" aria-labelledby=\"haasta-luokkiaTitle\" aria-hidden=\"true\">\n            <div class=\"modal-dialog modal-dialog-centered\" role=\"document\">\n                <div class=\"modal-content\">\n                    <div class=\"modal-header\">\n                        <h5 class=\"modal-title\"><\/h5>\n                        <button type=\"button\" class=\"close\" data-bs-dismiss=\"modal\" aria-label=\"Close\">\n                            <span class=\"close-text\">St\u00e4ng<\/span><span aria-hidden=\"true\"><i class=\"fas fa-times\"><\/i><\/span>\n                        <\/button>\n                    <\/div>\n                    <div class=\"modal-body\">\n                        <div class=\"haasta-luokkia-modal-inner\">\n                            <img decoding=\"async\" id=\"mika-pointing\" src=\"\/wp-content\/themes\/agenttiseikkailu\/img\/mika-pointing.svg\" \/>\n                            <img decoding=\"async\" id=\"muru-smile\" src=\"\/wp-content\/themes\/agenttiseikkailu\/img\/muru-smile.svg\" \/>\n                            <h2>Utmana andra klasser att delta i Agent\u00e4ventyret!<\/h2>\n                            <p>Ange upp till tre adresser, ni f\u00e5r 20 till\u00e4ggspo\u00e4ng f\u00f6r varje utmaning.<\/p>\n                            <p style=\"color:red;\">Utmaningstiden har g\u00e5tt ut!<\/p>                            <div class=\"submit-status\">\n                                <i class=\"fa-solid fa-spinner\"><\/i>\n                                <p>Utmaningen har skickats!<\/p>\n                            <\/div>\n                        <\/div>\n                    <\/div>\n                <\/div>\n            <\/div>\n        <\/div>\n\n        <!-- murun-vinkki Modal -->\n        <div class=\"modal fade\" id=\"murun-vinkki\" tabindex=\"-1\" role=\"dialog\" aria-labelledby=\"murun-vinkkiTitle\" aria-hidden=\"true\">\n            <div class=\"modal-dialog modal-dialog-centered\" role=\"document\">\n                <div class=\"modal-content\">\n                    <div class=\"modal-header\">\n                        <h5 class=\"modal-title\"><\/h5>\n                        <button type=\"button\" class=\"close\" data-bs-dismiss=\"modal\" aria-label=\"Close\">\n                            <span class=\"close-text\">St\u00e4ng<\/span><span aria-hidden=\"true\"><i class=\"fas fa-times\"><\/i><\/span>\n                        <\/button>\n                    <\/div>\n                    <div class=\"modal-body\">\n                        <div class=\"murun-tip-modal-inner\">\n                            <img decoding=\"async\" src=\"\/wp-content\/themes\/agenttiseikkailu\/img\/muru_3.svg\" \/>\n                            <h2>Murus tips!<\/h2>\n                            <p><div>Utmana andra klasser att delta, av den f\u00f6rsta utmaningen f\u00e5r ni 20 till\u00e4ggspo\u00e4ng.<\/div>\n<\/p>\n                        <\/div>\n                    <\/div>\n                <\/div>\n            <\/div>\n        <\/div>\n    <\/div>\n\n\n\n\n\n<div style=\"height:35px\" aria-hidden=\"true\" class=\"wp-block-spacer\"><\/div>\n\n\n\n<h3 class=\"wp-block-heading\">ETT AGENTKORT TILL VARJE ELEV<\/h3>\n\n\n\n<p>Agentkortet \u00e4r varje eleves personliga spelredskap. Till varje elev skrivs ut ett eget agentkort d\u00e4r eleven fyller i&nbsp; sina utf\u00f6rda uppgifter. N\u00e4r eleven har utf\u00f6rt en uppgift minst en g\u00e5ng per dag antecknar eleven uppgiften som utf\u00f6rd p\u00e5 sitt Agentkort. Detta betyder att om eleven t.ex. sl\u00e4ckt lamporna flera g\u00e5nger under en dag antecknas detta som en utf\u00f6rd uppgift.<\/p>\n\n\n\n<p>L\u00e4rare r\u00e4knar ihop de utf\u00f6rda uppgifterna och registrerar po\u00e4ngen dagligen p\u00e5 Agent\u00e4ventyrets webbsida. Ni&nbsp; f\u00e5r till\u00e4ggspo\u00e4ng f\u00f6r daglig registrering av po\u00e4ng. Registreringen av po\u00e4ngen \u00e4r snabb och enkel att g\u00f6ra och det l\u00f6nar sig att g\u00f6ra po\u00e4ngregistreringen till en gemensam inl\u00e4rningssituation f\u00f6r klassen!<\/p>\n\n\n\n<h5 class=\"wp-block-heading\">Uppgifter p\u00e5 Agentkortet<\/h5>\n\n\n\n<ol class=\"wp-block-list\">\n<li>Jag st\u00e4ngde av en elapparat som var p\u00e5slagen i on\u00f6dan, t.ex. belsyning, TV eller spelkonsol.<\/li>\n\n\n\n<li>Jag sorterade sopor, t.ex. papper, kartong, bioavfall, plast, glas eller metall.<\/li>\n\n\n\n<li>Jag st\u00e4ngde vattenkranen d\u00e5 jag tv\u00e4ttade t\u00e4nderna.<\/li>\n\n\n\n<li>Jag gick, cuklade eller anv\u00e4nde kollektivtrafik f\u00f6r att ta mig till kompisen eller hobbyn.<\/li>\n\n\n\n<li>Jag tog den m\u00e4ngd mat som jag orkade \u00e4ta.<\/li>\n<\/ol>\n\n\n\n<p class=\"has-text-align-left\"><a href=\"https:\/\/agenttiseikkailu.fi\/wp-content\/uploads\/2025\/09\/agenttikortti-2025-svenska.pdf\">LADDA NER AGENTKORTET 2025<\/a><\/p>\n\n\n\n<h3 class=\"wp-block-heading\">SAMLA TILL\u00c4GGSPO\u00c4NG TILL KLASSEN<\/h3>\n\n\n\n<p><strong>Fyra s\u00e4tt att samla till\u00e4ggspo\u00e4ng:<\/strong><\/p>\n\n\n\n<ol class=\"wp-block-list\">\n<li>En klass f\u00e5r extrapo\u00e4ng genom att utmana andra klasser att delta i Agent\u00e4ventyret. Ni kan utmana tre klasser och f\u00e5 20 extrapo\u00e4ng f\u00f6r varje klass. <strong>Utmaningar till andra klasser kan skickas endast fram till den 30.10, medan anm\u00e4lningen \u00e4r \u00f6ppen.<\/strong><\/li>\n\n\n\n<li>Ni f\u00e5r extra po\u00e4ng om ni registrerar f\u00f6rra veckans po\u00e4ng redan m\u00e5ndagen 17.11.2025.<\/li>\n\n\n\n<li>Extrapo\u00e4ng f\u00e5r man ocks\u00e5 om alla elever i klassen har gjort alla uppgifter den dagen.<\/li>\n\n\n\n<li>Bonusuppgift: samla skr\u00e4p tillsammans med klassen (det r\u00e4cker med att g\u00e5 och leta efter dem). Denna uppgift kan g\u00f6ras en g\u00e5ng under t\u00e4vlingen och f\u00f6r den f\u00e5r man 50 po\u00e4ng.<\/li>\n<\/ol>\n\n\n\n<h3 class=\"wp-block-heading\">PO\u00c4NGEN R\u00c4KNAS I PROPORTION TILL KLASSENS ELEVANTAL<\/h3>\n\n\n\n<p>I Agent\u00e4ventyret r\u00e4knas klassens resultat alltid i proportion till klassens storlek. Detta betyder att \u00e4ven om en klass har ett f\u00e4rre antal elever kan klassen klara sig lika bra i t\u00e4vlingen som en klass med fler elever. B\u00e4sta resultatet i t\u00e4vlingen uppn\u00e5s n\u00e4r alla elever under hela \u00e4ventyret dagligen utf\u00f6r alla uppgifter. Om n\u00e5gon elev \u00e4r sjuk eller annars borta under t\u00e4vlingstiden kan ni anteckna att eleven utf\u00f6rt alla uppgifter s\u00e5 att klassens sammanlagda po\u00e4ngantal inte f\u00f6rs\u00e4mras pga. av att eleven inte kan delta. Po\u00e4ngsumman som klassen f\u00e5r f\u00f6r sina utf\u00f6rda uppgifter r\u00e4knas i proportion till klassens elevantal. D\u00e4rmed f\u00e5r klassen inte 1 po\u00e4ng\/utf\u00f6rd uppgift.<\/p>\n\n\n\n<h3 class=\"wp-block-heading\">Fr\u00e5gor?<\/h3>\n\n\n\n<p class=\"has-text-align-center\">Skicka e-post till&nbsp;<a href=\"mailto:esv@motiva.fi\">esv@motiva.fi<\/a> eller <a href=\"https:\/\/agenttiseikkailu.fi\/sv\/kontakta-oss\/\">kontakta oss genom att skicka ett meddelande via fr\u00e5geformul\u00e4ret<\/a><\/p>\n\n\n\n<h3 class=\"wp-block-heading\">T\u00e4vlingens regler<\/h3>\n\n\n\n<ul class=\"wp-block-list\">\n<li><strong>Deltagandet i t\u00e4vlingen<br><\/strong>Alla l\u00e5gstadiers 1-4 klassister i Finland f\u00e5r delta i t\u00e4vlingen. Klassen kan delta i t\u00e4vlingen genom att fylla i klassens uppgifter p\u00e5 registreringsblanketten som hittas p\u00e5 Motivas <a href=\"https:\/\/agenttiseikkailu.fi\/sv\">agenttiseikkailu.fi<\/a> -hemsida. <strong>Registreringen\/anm\u00e4lan skall g\u00f6ras senast den 30.10.2025.<\/strong> I Agent\u00e4ventyret t\u00e4vlar klasserna om vem som utf\u00f6r mest agentuppgifter under \u00e4ventyrets 10 dagar. Deltagandet \u00e4r avgiftsfritt. Felaktigt gjorda eller otillr\u00e4ckliga anm\u00e4lningar tas inte i beaktande.<\/li>\n\n\n\n<li><strong>T\u00e4vlingstiden&nbsp;<\/strong><br>Klassen deltar i t\u00e4vlingen under tiden <strong>3.\u201316.11.2025.<\/strong> Registreringen av po\u00e4ng f\u00f6r fredagen den 14.11. skall g\u00f6ras senast onsdagen den 18.11.2025.<\/li>\n\n\n\n<li><strong>T\u00e4vlingsvinsterna<br><\/strong>* Bland alla deltagande klasser lottas det ut som huvudvinst ett <strong>presentkort v\u00e4rt 100 \u20ac till Heureka-shop<\/strong> och <strong>ut\u00f6ver det f\u00e5r klassens alla elever en faktabok fr\u00e5n Lasten Keskus<\/strong>. Motiva v\u00e4ljer boken.<br>* De fem klasser som samlat flest po\u00e4ng f\u00e5r som pris <strong>presentkort v\u00e4rt 100 \u20ac till Heurekashop<\/strong>.<\/li>\n\n\n\n<li><strong>T\u00e4vlingens utlottning<br><\/strong>Vinnaren av huvudvinsten lottas ut och de andra vinnarna publiceras av Motiva Ab 28.11.2025. Vinnarskolorna meddelas p\u00e5 webbisdan, i nyhetsbrev samt p\u00e5 sociala medier. Ifall kontaktpersonerna inte n\u00e5s inom tv\u00e5 veckor fr\u00e5n att personerna kontaktats beh\u00e5ller Motiva Ab r\u00e4ttigheten att v\u00e4lja en ny vinnare.<\/li>\n\n\n\n<li><strong>Personuppgifter<br><\/strong>Av de deltagande klasserna samlas in endast l\u00e4rarens kontaktuppgifter, elevernas uppgifter samlas inte in. Motiva Ab anv\u00e4nder kontakt- och andra personuppgifter som deltagarna givit f\u00f6r \u00e4ndam\u00e5l relaterade till f\u00f6rverkligandet av t\u00e4vlingen och lotteriet. Deltagarnas personuppgifter kan anv\u00e4ndas f\u00f6r marknadsf\u00f6rings\u00e4ndam\u00e5l och de behandlas enligt personuppgiftslagen.<\/li>\n\n\n\n<li><strong>R\u00e4ttigheter som t\u00e4vlingens anordnare har<\/strong><br>Den som ordnar t\u00e4vlingen har r\u00e4tt att publicera namn och ort p\u00e5 den skola som vinner t\u00e4vlingen och likas\u00e5 namnen och orterna p\u00e5 de andra vinnande skolorna p\u00e5 webbsidor och i digitala kanaler. Den som ordnar t\u00e4vlingen svarar inte f\u00f6r skador, f\u00f6rluster eller kostnader som p\u00e5st\u00e5s ha uppkommit till f\u00f6ljd av deltagande i denna t\u00e4vling eller f\u00f6r anv\u00e4ndning av vinsterna. De som deltar i t\u00e4vlingen f\u00f6rbinder sig till att f\u00f6lja dessa t\u00e4vlingsregler. Motiva Ab har r\u00e4ttigheten att avl\u00e4gsna deltagare fr\u00e5n t\u00e4vlingen ifall deltagarna inte f\u00f6ljer t\u00e4vlingens regler och villkor. Motiva Ab f\u00f6ljer Finlands lag i alla sina t\u00e4vlingar. Lotteriskattlagen och andra skatteslag tas inte i beaktande n\u00e4r det \u00e4r fr\u00e5gan om en t\u00e4vling riktad till skolelever. Den som ordnar utlottningen har r\u00e4tt att \u00e4ndra p\u00e5 reglerna under t\u00e4vlingen genom att meddela om f\u00f6r\u00e4ndringarna p\u00e5 kampanjsidan eller p\u00e5 andra s\u00e4tt. Motiva Ab har r\u00e4tt att vid behov inhibera t\u00e4vlingen utan n\u00e5gon s\u00e4rskild anm\u00e4lan (datavirus etc.). Den som ordnar t\u00e4vlingen beh\u00e5ller alla r\u00e4ttigheter till \u00e4ndringar.<\/li>\n<\/ul>\n\n\n\n<h3 class=\"wp-block-heading\">Dataskyddsbeskrivning<\/h3>\n\n\n\n<p class=\"has-text-align-center\">Dataskyddsbeskrivningen kan du l\u00e4sa&nbsp;<a href=\"https:\/\/www.motiva.fi\/sv\/motiva\/dataskyddsbeskrivning_och_webbkakor\" target=\"_blank\" rel=\"noopener\">h\u00e4r<\/a>.<\/p>\n","protected":false},"excerpt":{"rendered":"I Agent\u00e4ventyret t\u00e4vlar klasserna om vem som lyckas utf\u00f6r flest uppgifter med anknytning till h\u00e5llbar utveckling under t\u00e4vlingstiden. T\u00e4vlingstiden \u00e4r 3.\u201316.11.2025. Eleverna utf\u00f6r agentuppgifter under 10 vardagar och registrerar alltid f\u00f6ljande dag de utf\u00f6rda uppgifterna p\u00e5 klassens profilsida tillsammans med l\u00e4raren. Anvisningar f\u00f6r att anm\u00e4la klassen med i t\u00e4vlingen och hur inleda \u00e4ventyret: N\u00e4r du&#8230; <a class=\"view-article\" href=\"https:\/\/agenttiseikkailu.fi\/sv\/anvisningar-och-agentkort\/\">View Article<\/a>","protected":false},"author":1,"featured_media":0,"parent":0,"menu_order":0,"comment_status":"closed","ping_status":"closed","template":"","meta":{"_acf_changed":false,"inline_featured_image":false,"footnotes":""},"class_list":["post-325","page","type-page","status-publish","hentry"],"acf":[],"yoast_head":"<!-- This site is optimized with the Yoast SEO plugin v27.4 - https:\/\/yoast.com\/product\/yoast-seo-wordpress\/ -->\n<title>Anvisningar och agentkort - Agent\u00e4ventyr<\/title>\n<meta name=\"robots\" content=\"index, follow, max-snippet:-1, max-image-preview:large, max-video-preview:-1\" \/>\n<link rel=\"canonical\" href=\"https:\/\/agenttiseikkailu.fi\/sv\/anvisningar-och-agentkort\/\" \/>\n<meta property=\"og:locale\" content=\"sv_SE\" \/>\n<meta property=\"og:type\" content=\"article\" \/>\n<meta property=\"og:title\" content=\"Anvisningar och agentkort - Agent\u00e4ventyr\" \/>\n<meta property=\"og:description\" content=\"I Agent\u00e4ventyret t\u00e4vlar klasserna om vem som lyckas utf\u00f6r flest uppgifter med anknytning till h\u00e5llbar utveckling under t\u00e4vlingstiden. T\u00e4vlingstiden \u00e4r 3.\u201316.11.2025. Eleverna utf\u00f6r agentuppgifter under 10 vardagar och registrerar alltid f\u00f6ljande dag de utf\u00f6rda uppgifterna p\u00e5 klassens profilsida tillsammans med l\u00e4raren. Anvisningar f\u00f6r att anm\u00e4la klassen med i t\u00e4vlingen och hur inleda \u00e4ventyret: N\u00e4r du... View Article\" \/>\n<meta property=\"og:url\" content=\"https:\/\/agenttiseikkailu.fi\/sv\/anvisningar-och-agentkort\/\" \/>\n<meta property=\"og:site_name\" content=\"Agent\u00e4ventyr\" \/>\n<meta property=\"article:modified_time\" content=\"2025-11-03T07:34:48+00:00\" \/>\n<meta property=\"og:image\" content=\"https:\/\/agenttiseikkailu.fi\/wp-content\/uploads\/2018\/04\/agenttiseikkailu-fb.png\" \/>\n\t<meta property=\"og:image:width\" content=\"1200\" \/>\n\t<meta property=\"og:image:height\" content=\"630\" \/>\n\t<meta property=\"og:image:type\" content=\"image\/png\" \/>\n<meta name=\"twitter:card\" content=\"summary_large_image\" \/>\n<meta name=\"twitter:label1\" content=\"Ber\u00e4knad l\u00e4stid\" \/>\n\t<meta name=\"twitter:data1\" content=\"8 minuter\" \/>\n<script type=\"application\/ld+json\" class=\"yoast-schema-graph\">{\"@context\":\"https:\\\/\\\/schema.org\",\"@graph\":[{\"@type\":\"WebPage\",\"@id\":\"https:\\\/\\\/agenttiseikkailu.fi\\\/sv\\\/anvisningar-och-agentkort\\\/\",\"url\":\"https:\\\/\\\/agenttiseikkailu.fi\\\/sv\\\/anvisningar-och-agentkort\\\/\",\"name\":\"Anvisningar och agentkort - Agent\u00e4ventyr\",\"isPartOf\":{\"@id\":\"https:\\\/\\\/agenttiseikkailu.fi\\\/#website\"},\"primaryImageOfPage\":{\"@id\":\"https:\\\/\\\/agenttiseikkailu.fi\\\/sv\\\/anvisningar-och-agentkort\\\/#primaryimage\"},\"image\":{\"@id\":\"https:\\\/\\\/agenttiseikkailu.fi\\\/sv\\\/anvisningar-och-agentkort\\\/#primaryimage\"},\"thumbnailUrl\":\"https:\\\/\\\/agenttiseikkailu.fi\\\/wp-content\\\/uploads\\\/2018\\\/03\\\/step-agenttikortti-01.svg\",\"datePublished\":\"2018-03-13T09:03:57+00:00\",\"dateModified\":\"2025-11-03T07:34:48+00:00\",\"breadcrumb\":{\"@id\":\"https:\\\/\\\/agenttiseikkailu.fi\\\/sv\\\/anvisningar-och-agentkort\\\/#breadcrumb\"},\"inLanguage\":\"sv-SE\",\"potentialAction\":[{\"@type\":\"ReadAction\",\"target\":[\"https:\\\/\\\/agenttiseikkailu.fi\\\/sv\\\/anvisningar-och-agentkort\\\/\"]}]},{\"@type\":\"ImageObject\",\"inLanguage\":\"sv-SE\",\"@id\":\"https:\\\/\\\/agenttiseikkailu.fi\\\/sv\\\/anvisningar-och-agentkort\\\/#primaryimage\",\"url\":\"https:\\\/\\\/agenttiseikkailu.fi\\\/wp-content\\\/uploads\\\/2018\\\/03\\\/step-agenttikortti-01.svg\",\"contentUrl\":\"https:\\\/\\\/agenttiseikkailu.fi\\\/wp-content\\\/uploads\\\/2018\\\/03\\\/step-agenttikortti-01.svg\"},{\"@type\":\"BreadcrumbList\",\"@id\":\"https:\\\/\\\/agenttiseikkailu.fi\\\/sv\\\/anvisningar-och-agentkort\\\/#breadcrumb\",\"itemListElement\":[{\"@type\":\"ListItem\",\"position\":1,\"name\":\"Home\",\"item\":\"https:\\\/\\\/agenttiseikkailu.fi\\\/sv\\\/\"},{\"@type\":\"ListItem\",\"position\":2,\"name\":\"Anvisningar och agentkort\"}]},{\"@type\":\"WebSite\",\"@id\":\"https:\\\/\\\/agenttiseikkailu.fi\\\/#website\",\"url\":\"https:\\\/\\\/agenttiseikkailu.fi\\\/\",\"name\":\"Agent\u00e4ventyr\",\"description\":\"\",\"potentialAction\":[{\"@type\":\"SearchAction\",\"target\":{\"@type\":\"EntryPoint\",\"urlTemplate\":\"https:\\\/\\\/agenttiseikkailu.fi\\\/?s={search_term_string}\"},\"query-input\":{\"@type\":\"PropertyValueSpecification\",\"valueRequired\":true,\"valueName\":\"search_term_string\"}}],\"inLanguage\":\"sv-SE\"}]}<\/script>\n<!-- \/ Yoast SEO plugin. -->","yoast_head_json":{"title":"Anvisningar och agentkort - Agent\u00e4ventyr","robots":{"index":"index","follow":"follow","max-snippet":"max-snippet:-1","max-image-preview":"max-image-preview:large","max-video-preview":"max-video-preview:-1"},"canonical":"https:\/\/agenttiseikkailu.fi\/sv\/anvisningar-och-agentkort\/","og_locale":"sv_SE","og_type":"article","og_title":"Anvisningar och agentkort - Agent\u00e4ventyr","og_description":"I Agent\u00e4ventyret t\u00e4vlar klasserna om vem som lyckas utf\u00f6r flest uppgifter med anknytning till h\u00e5llbar utveckling under t\u00e4vlingstiden. T\u00e4vlingstiden \u00e4r 3.\u201316.11.2025. Eleverna utf\u00f6r agentuppgifter under 10 vardagar och registrerar alltid f\u00f6ljande dag de utf\u00f6rda uppgifterna p\u00e5 klassens profilsida tillsammans med l\u00e4raren. Anvisningar f\u00f6r att anm\u00e4la klassen med i t\u00e4vlingen och hur inleda \u00e4ventyret: N\u00e4r du... View Article","og_url":"https:\/\/agenttiseikkailu.fi\/sv\/anvisningar-och-agentkort\/","og_site_name":"Agent\u00e4ventyr","article_modified_time":"2025-11-03T07:34:48+00:00","og_image":[{"width":1200,"height":630,"url":"https:\/\/agenttiseikkailu.fi\/wp-content\/uploads\/2018\/04\/agenttiseikkailu-fb.png","type":"image\/png"}],"twitter_card":"summary_large_image","twitter_misc":{"Ber\u00e4knad l\u00e4stid":"8 minuter"},"schema":{"@context":"https:\/\/schema.org","@graph":[{"@type":"WebPage","@id":"https:\/\/agenttiseikkailu.fi\/sv\/anvisningar-och-agentkort\/","url":"https:\/\/agenttiseikkailu.fi\/sv\/anvisningar-och-agentkort\/","name":"Anvisningar och agentkort - Agent\u00e4ventyr","isPartOf":{"@id":"https:\/\/agenttiseikkailu.fi\/#website"},"primaryImageOfPage":{"@id":"https:\/\/agenttiseikkailu.fi\/sv\/anvisningar-och-agentkort\/#primaryimage"},"image":{"@id":"https:\/\/agenttiseikkailu.fi\/sv\/anvisningar-och-agentkort\/#primaryimage"},"thumbnailUrl":"https:\/\/agenttiseikkailu.fi\/wp-content\/uploads\/2018\/03\/step-agenttikortti-01.svg","datePublished":"2018-03-13T09:03:57+00:00","dateModified":"2025-11-03T07:34:48+00:00","breadcrumb":{"@id":"https:\/\/agenttiseikkailu.fi\/sv\/anvisningar-och-agentkort\/#breadcrumb"},"inLanguage":"sv-SE","potentialAction":[{"@type":"ReadAction","target":["https:\/\/agenttiseikkailu.fi\/sv\/anvisningar-och-agentkort\/"]}]},{"@type":"ImageObject","inLanguage":"sv-SE","@id":"https:\/\/agenttiseikkailu.fi\/sv\/anvisningar-och-agentkort\/#primaryimage","url":"https:\/\/agenttiseikkailu.fi\/wp-content\/uploads\/2018\/03\/step-agenttikortti-01.svg","contentUrl":"https:\/\/agenttiseikkailu.fi\/wp-content\/uploads\/2018\/03\/step-agenttikortti-01.svg"},{"@type":"BreadcrumbList","@id":"https:\/\/agenttiseikkailu.fi\/sv\/anvisningar-och-agentkort\/#breadcrumb","itemListElement":[{"@type":"ListItem","position":1,"name":"Home","item":"https:\/\/agenttiseikkailu.fi\/sv\/"},{"@type":"ListItem","position":2,"name":"Anvisningar och agentkort"}]},{"@type":"WebSite","@id":"https:\/\/agenttiseikkailu.fi\/#website","url":"https:\/\/agenttiseikkailu.fi\/","name":"Agent\u00e4ventyr","description":"","potentialAction":[{"@type":"SearchAction","target":{"@type":"EntryPoint","urlTemplate":"https:\/\/agenttiseikkailu.fi\/?s={search_term_string}"},"query-input":{"@type":"PropertyValueSpecification","valueRequired":true,"valueName":"search_term_string"}}],"inLanguage":"sv-SE"}]}},"_links":{"self":[{"href":"https:\/\/agenttiseikkailu.fi\/sv\/wp-json\/wp\/v2\/pages\/325","targetHints":{"allow":["GET"]}}],"collection":[{"href":"https:\/\/agenttiseikkailu.fi\/sv\/wp-json\/wp\/v2\/pages"}],"about":[{"href":"https:\/\/agenttiseikkailu.fi\/sv\/wp-json\/wp\/v2\/types\/page"}],"author":[{"embeddable":true,"href":"https:\/\/agenttiseikkailu.fi\/sv\/wp-json\/wp\/v2\/users\/1"}],"replies":[{"embeddable":true,"href":"https:\/\/agenttiseikkailu.fi\/sv\/wp-json\/wp\/v2\/comments?post=325"}],"version-history":[{"count":10,"href":"https:\/\/agenttiseikkailu.fi\/sv\/wp-json\/wp\/v2\/pages\/325\/revisions"}],"predecessor-version":[{"id":3412,"href":"https:\/\/agenttiseikkailu.fi\/sv\/wp-json\/wp\/v2\/pages\/325\/revisions\/3412"}],"wp:attachment":[{"href":"https:\/\/agenttiseikkailu.fi\/sv\/wp-json\/wp\/v2\/media?parent=325"}],"curies":[{"name":"wp","href":"https:\/\/api.w.org\/{rel}","templated":true}]}}