{"id":322,"date":"2018-03-13T09:03:07","date_gmt":"2018-03-13T09:03:07","guid":{"rendered":"https:\/\/agenttiseikkailu.fi\/?page_id=322"},"modified":"2025-11-28T13:23:54","modified_gmt":"2025-11-28T11:23:54","slug":"etusivu","status":"publish","type":"page","link":"https:\/\/agenttiseikkailu.fi\/sv\/","title":{"rendered":"Etusivu"},"content":{"rendered":"\n<h2 class=\"wp-block-heading\">Agent\u00e4ventyrets vinnare har utsetts<\/h2>\n\n\n\n<p>Sammanlagt 237 klasser och 4 418 agenter deltog i Agent\u00e4ventyret. Bland alla deltagande klasser har vi som huvudvinst lottat ut ett presentkort p\u00e5 100 \u20ac till Heureka Shop (Tiedekeskus Heurekan verkkokauppaan) och dessutom har Motiva valt en faktabok fr\u00e5n Lasten keskus till klassens alla elever.<\/p>\n\n\n\n<p><strong>Klass 2, Elim\u00e4en yhten\u00e4iskoulu fr\u00e5n Kouvola vann huvudvinsten. Vinnarlaget heter Elim\u00e4en agentit.<\/strong> Klassen p\u00e5 20 elever fick sammanlagt 625 po\u00e4ng, grattis!<\/p>\n\n\n\n<p>De sex klasser som fick flest po\u00e4ng f\u00e5r var och en som vinst ett 100 \u20ac presentkort till Heureka Shop. I \u00e5r f\u00e5r sex klasser ist\u00e4llet f\u00f6r fem klasser ett pris eftersom flera klasser hade samma antal po\u00e4ng. Grattis till alla f\u00f6r en fin prestation!<br><br>Vi \u00e4r i kontakt med vinnarklassernas l\u00e4rare.<\/p>\n\n\n\n<h2 class=\"wp-block-heading\">Vinnarna:<\/h2>\n\n\n\n<p>Klass 2., Katajan koulu, Ylivieska, 1 060 po\u00e4ng och 21 elever i klassen.<br>Klass 4A, Keltinm\u00e4en koulu, Jyv\u00e4skyl\u00e4, 1 060 po\u00e4ng och 19 elever i klassen.<br>Klass 3A, Killan koulu, Keravalta, 1 060 po\u00e4ng och 20 elever i klassen.<br>Klass 4B, Malmin peruskoulu, Helsingfors, 1 060 po\u00e4ng och 16 elever i klassen.<br>Klass 4K, Malmin peruskoulu, Helsingfors, 1 060 po\u00e4ng och 19 elever i klassen.<br>Klass 3A, Uramon koulu, Riihim\u00e4ki, 1 060 po\u00e4ng och 21 elever i klassen.<\/p>\n\n\n\n<p><\/p>\n\n\n\n<h2 class=\"wp-block-heading\">Vad d\u00e5 f\u00f6r Agent\u00e4ventyr?<\/h2>\n\n\n\n<p>Agent\u00e4ventyret \u00e4r en energispart\u00e4vling f\u00f6r <strong>\u00e5rskurserna 1\u20134 <\/strong>och \u00e4ger rum <strong>3.\u201316.11.2025<\/strong> Under \u00e4ventyret l\u00e4r vi oss p\u00e5 ett roligt s\u00e4tt om h\u00e5llbar utveckling och om sparandet av naturresurser. Under Agent\u00e4ventyret t\u00e4vlar klasserna i 10 dagars tid om vem som utf\u00f6r flest olika uppgifter som sparar bl.a. energi. Uppgifterna kommer att uppdateras i \u00e5r.<\/p>\n\n\n\n<p><strong>OBS!<\/strong> <strong>I po\u00e4ngr\u00e4kningen tas klassens storlek i beaktande.<\/strong> Sm\u00e5 klasser klarar sig lika bra som st\u00f6rre klasser.<\/p>\n\n\n\n<p><strong>G\u00f6r anm\u00e4lan senast den 30.10.<\/strong> Gilla ocks\u00e5 <a href=\"https:\/\/www.facebook.com\/Agenttiseikkailu-319863962095340\/\" target=\"_blank\" rel=\"noopener noreferrer\">Agent\u00e4ventyrets Facebook-sida<\/a>. P\u00e5 sidan kan du exempelvis dela med dig dina tankar kring de olika uppgifterna med dina kolleger och ge \u00f6ppen feedback om sidan. Vi vill g\u00e4rna utveckla detta tillsammans med er!<\/p>\n\n\n\n<details class=\"wp-block-details has-normal-font-size is-layout-flow wp-block-details-is-layout-flow\"><summary>Har du fr\u00e5gor? Klicka h\u00e4r f\u00f6r att \u00f6ppna kontaktformul\u00e4ret!<\/summary>\n<div class=\"wp-block-contact-form-7-contact-form-selector\">\n<div class=\"wpcf7 no-js\" id=\"wpcf7-f1377-o1\" lang=\"\" dir=\"ltr\" data-wpcf7-id=\"1377\">\n<div class=\"screen-reader-response\"><p role=\"status\" aria-live=\"polite\" aria-atomic=\"true\"><\/p> <ul><\/ul><\/div>\n<form action=\"\/sv\/wp-json\/wp\/v2\/pages\/322#wpcf7-f1377-o1\" method=\"post\" class=\"wpcf7-form init\" aria-label=\"Kontaktformul\u00e4r\" novalidate=\"novalidate\" data-status=\"init\">\n<div style=\"display: none;\">\n<input type=\"hidden\" name=\"_wpcf7\" value=\"1377\" \/>\n<input type=\"hidden\" name=\"_wpcf7_version\" value=\"6.0.6\" \/>\n<input type=\"hidden\" name=\"_wpcf7_locale\" value=\"\" \/>\n<input type=\"hidden\" name=\"_wpcf7_unit_tag\" value=\"wpcf7-f1377-o1\" \/>\n<input type=\"hidden\" name=\"_wpcf7_container_post\" value=\"0\" \/>\n<input type=\"hidden\" name=\"_wpcf7_posted_data_hash\" value=\"\" \/>\n<\/div>\n<p><label> Epost*<br \/>\n<span class=\"wpcf7-form-control-wrap\" data-name=\"your-email\"><input size=\"40\" maxlength=\"400\" class=\"wpcf7-form-control wpcf7-email wpcf7-validates-as-required wpcf7-text wpcf7-validates-as-email\" aria-required=\"true\" aria-invalid=\"false\" value=\"\" type=\"email\" name=\"your-email\" \/><\/span> <\/label>\n<\/p>\n<p><label> Skola*<br \/>\n<span class=\"wpcf7-form-control-wrap\" data-name=\"koulu\"><input size=\"40\" maxlength=\"400\" class=\"wpcf7-form-control wpcf7-text wpcf7-validates-as-required\" aria-required=\"true\" aria-invalid=\"false\" value=\"\" type=\"text\" name=\"koulu\" \/><\/span> <\/label>\n<\/p>\n<p><label> Meddelande*<br \/>\n<span class=\"wpcf7-form-control-wrap\" data-name=\"your-message\"><textarea cols=\"40\" rows=\"10\" maxlength=\"2000\" class=\"wpcf7-form-control wpcf7-textarea wpcf7-validates-as-required\" aria-required=\"true\" aria-invalid=\"false\" name=\"your-message\"><\/textarea><\/span> <\/label>\n<\/p>\n<p><input class=\"wpcf7-form-control wpcf7-submit has-spinner\" type=\"submit\" value=\"Skicka\" \/>\n<\/p><div class=\"wpcf7-response-output\" aria-hidden=\"true\"><\/div>\n<\/form>\n<\/div>\n<\/div>\n<\/details>\n\n\n\n<div style=\"height:8px\" aria-hidden=\"true\" class=\"wp-block-spacer\"><\/div>\n\n\n\n<h5 class=\"wp-block-heading\">Agent\u00e4ventyret som st\u00f6d f\u00f6r undervisningen<\/h5>\n\n\n\n<ul class=\"wp-block-list\">\n<li>\u00c4ventyret st\u00f6der olika inneh\u00e5ll i klimatundervisningen<\/li>\n\n\n\n<li>I elevens agentkort finns det 5 olika uppgifter som utf\u00f6rs under en tidspersiod p\u00e5 10 dagar<\/li>\n\n\n\n<li>Uppgifternas teman: electricitet, \u00e5tervinning, vatten, mat och transport<\/li>\n\n\n\n<li>\u00c4ventyret uppmuntrar barnen till att vara aktiva \u00e4ven hemma<\/li>\n\n\n\n<li>Elevernas uppgifter \u00e4r vardagliga och l\u00e4tta att utf\u00f6ra<\/li>\n\n\n\n<li>\n<div>Bland alla deltagande klasser lottar vi ut en huvudvinst. De fyra klasser som samlat mest po\u00e4ng f\u00e5r ocks\u00e5 pris. Vi ber\u00e4ttar mer om priserna senare.<\/div>\n<\/li>\n<\/ul>\n\n\n\n<p><a href=\"https:\/\/agenttiseikkailu.fi\/sv\/anvisningar-och-agentkort\/\" target=\"_blank\" rel=\"noopener noreferrer\">L\u00e4nk till reglerna<\/a><\/p>\n\n\n\n<p><\/p>\n\n\n\n<div class=\"wp-block-columns steps is-layout-flex wp-container-core-columns-is-layout-28f84493 wp-block-columns-is-layout-flex\">\n<div class=\"wp-block-column is-layout-flow wp-block-column-is-layout-flow\">\n<figure class=\"wp-block-image size-full\"><img decoding=\"async\" src=\"https:\/\/agenttiseikkailu.fi\/wp-content\/uploads\/2018\/03\/step-agenttikortti-01.svg\" alt=\"\" class=\"wp-image-36\"\/><\/figure>\n\n\n\n<p class=\"has-text-align-center has-blue-color has-text-color\" style=\"font-style:normal;font-weight:700\">Skriv ut de officiella agentkorten<\/p>\n<\/div>\n\n\n\n<div class=\"wp-block-column is-layout-flow wp-block-column-is-layout-flow\">\n<figure class=\"wp-block-image size-full\"><img decoding=\"async\" src=\"https:\/\/agenttiseikkailu.fi\/wp-content\/uploads\/2018\/03\/step-suurennuslasi-01.svg\" alt=\"\" class=\"wp-image-39\"\/><\/figure>\n\n\n\n<p class=\"has-text-align-center has-blue-color has-text-color\" style=\"font-style:normal;font-weight:700\">Utf\u00f6r dagligen olika agentuppgifter<\/p>\n<\/div>\n\n\n\n<div class=\"wp-block-column is-layout-flow wp-block-column-is-layout-flow\">\n<figure class=\"wp-block-image size-full\"><img decoding=\"async\" src=\"https:\/\/agenttiseikkailu.fi\/wp-content\/uploads\/2018\/03\/step-laptop-01.svg\" alt=\"\" class=\"wp-image-37\"\/><\/figure>\n\n\n\n<p class=\"has-text-align-center has-blue-color has-text-color\" style=\"font-style:normal;font-weight:700\">Anm\u00e4l de po\u00e4ng som ni tj\u00e4nat ihop i de olika uppgifterna p\u00e5 agent\u00e4ventyrets hemsida<\/p>\n<\/div>\n\n\n\n<div class=\"wp-block-column is-vertically-aligned-center is-layout-flow wp-block-column-is-layout-flow\">\n<figure class=\"wp-block-image size-full\"><img decoding=\"async\" src=\"https:\/\/agenttiseikkailu.fi\/wp-content\/uploads\/2018\/03\/step-ruusuke-1-01.svg\" alt=\"\" class=\"wp-image-38\"\/><\/figure>\n\n\n\n<p class=\"has-text-align-center has-blue-color has-text-color\" style=\"font-style:normal;font-weight:700\">T\u00e4vla med de andra klasserna och vinn olika priser!<\/p>\n<\/div>\n<\/div>\n","protected":false},"excerpt":{"rendered":"Agent\u00e4ventyrets vinnare har utsetts Sammanlagt 237 klasser och 4 418 agenter deltog i Agent\u00e4ventyret. Bland alla deltagande klasser har vi som huvudvinst lottat ut ett presentkort p\u00e5 100 \u20ac till Heureka Shop (Tiedekeskus Heurekan verkkokauppaan) och dessutom har Motiva valt en faktabok fr\u00e5n Lasten keskus till klassens alla elever. Klass 2, Elim\u00e4en yhten\u00e4iskoulu fr\u00e5n Kouvola&#8230; <a class=\"view-article\" href=\"https:\/\/agenttiseikkailu.fi\/sv\/\">View Article<\/a>","protected":false},"author":1,"featured_media":0,"parent":0,"menu_order":0,"comment_status":"closed","ping_status":"closed","template":"front-page.php","meta":{"_acf_changed":false,"inline_featured_image":false,"footnotes":""},"class_list":["post-322","page","type-page","status-publish","hentry"],"acf":[],"yoast_head":"<!-- This site is optimized with the Yoast SEO plugin v27.3 - https:\/\/yoast.com\/product\/yoast-seo-wordpress\/ -->\n<title>Agenttiseikkailu.fi \u2013 Energians\u00e4\u00e4st\u00f6kilpailu tokaluokkalaisille<\/title>\n<meta name=\"description\" content=\"Agenttiseikkailu on energians\u00e4\u00e4st\u00f6kilpailu tokaluokkalaisille, jonka aikana opitaan hauskasti kest\u00e4v\u00e4st\u00e4 kehityksest\u00e4 ja luonnonvarojen s\u00e4\u00e4st\u00e4misest\u00e4. Agenttiseikkailussa luokat kilpailevat siit\u00e4, kuka onnistuu tekem\u00e4\u00e4n eniten teht\u00e4vi\u00e4, joiden avulla muun muassa s\u00e4\u00e4styy energiaa.\" \/>\n<meta name=\"robots\" content=\"index, follow, max-snippet:-1, max-image-preview:large, max-video-preview:-1\" \/>\n<link rel=\"canonical\" href=\"https:\/\/agenttiseikkailu.fi\/sv\/\" \/>\n<meta property=\"og:locale\" content=\"sv_SE\" \/>\n<meta property=\"og:type\" content=\"article\" \/>\n<meta property=\"og:title\" content=\"Agenttiseikkailu.fi \u2013 Energians\u00e4\u00e4st\u00f6kilpailu tokaluokkalaisille\" \/>\n<meta property=\"og:description\" content=\"Agenttiseikkailu on energians\u00e4\u00e4st\u00f6kilpailu tokaluokkalaisille, jonka aikana opitaan hauskasti kest\u00e4v\u00e4st\u00e4 kehityksest\u00e4 ja luonnonvarojen s\u00e4\u00e4st\u00e4misest\u00e4. Agenttiseikkailussa luokat kilpailevat siit\u00e4, kuka onnistuu tekem\u00e4\u00e4n eniten teht\u00e4vi\u00e4, joiden avulla muun muassa s\u00e4\u00e4styy energiaa.\" \/>\n<meta property=\"og:url\" content=\"https:\/\/agenttiseikkailu.fi\/sv\/\" \/>\n<meta property=\"og:site_name\" content=\"Agent\u00e4ventyr\" \/>\n<meta property=\"article:modified_time\" content=\"2025-11-28T11:23:54+00:00\" \/>\n<meta property=\"og:image\" content=\"https:\/\/agenttiseikkailu.fi\/wp-content\/uploads\/2018\/04\/agenttiseikkailu-fb.png\" \/>\n\t<meta property=\"og:image:width\" content=\"1200\" \/>\n\t<meta property=\"og:image:height\" content=\"630\" \/>\n\t<meta property=\"og:image:type\" content=\"image\/png\" \/>\n<meta name=\"twitter:card\" content=\"summary_large_image\" \/>\n<meta name=\"twitter:label1\" content=\"Ber\u00e4knad l\u00e4stid\" \/>\n\t<meta name=\"twitter:data1\" content=\"4 minuter\" \/>\n<script type=\"application\/ld+json\" class=\"yoast-schema-graph\">{\"@context\":\"https:\\\/\\\/schema.org\",\"@graph\":[{\"@type\":\"WebPage\",\"@id\":\"https:\\\/\\\/agenttiseikkailu.fi\\\/sv\\\/\",\"url\":\"https:\\\/\\\/agenttiseikkailu.fi\\\/sv\\\/\",\"name\":\"Agenttiseikkailu.fi \u2013 Energians\u00e4\u00e4st\u00f6kilpailu tokaluokkalaisille\",\"isPartOf\":{\"@id\":\"https:\\\/\\\/agenttiseikkailu.fi\\\/#website\"},\"primaryImageOfPage\":{\"@id\":\"https:\\\/\\\/agenttiseikkailu.fi\\\/sv\\\/#primaryimage\"},\"image\":{\"@id\":\"https:\\\/\\\/agenttiseikkailu.fi\\\/sv\\\/#primaryimage\"},\"thumbnailUrl\":\"https:\\\/\\\/agenttiseikkailu.fi\\\/wp-content\\\/uploads\\\/2018\\\/03\\\/step-agenttikortti-01.svg\",\"datePublished\":\"2018-03-13T09:03:07+00:00\",\"dateModified\":\"2025-11-28T11:23:54+00:00\",\"description\":\"Agenttiseikkailu on energians\u00e4\u00e4st\u00f6kilpailu tokaluokkalaisille, jonka aikana opitaan hauskasti kest\u00e4v\u00e4st\u00e4 kehityksest\u00e4 ja luonnonvarojen s\u00e4\u00e4st\u00e4misest\u00e4. Agenttiseikkailussa luokat kilpailevat siit\u00e4, kuka onnistuu tekem\u00e4\u00e4n eniten teht\u00e4vi\u00e4, joiden avulla muun muassa s\u00e4\u00e4styy energiaa.\",\"breadcrumb\":{\"@id\":\"https:\\\/\\\/agenttiseikkailu.fi\\\/sv\\\/#breadcrumb\"},\"inLanguage\":\"sv-SE\",\"potentialAction\":[{\"@type\":\"ReadAction\",\"target\":[\"https:\\\/\\\/agenttiseikkailu.fi\\\/sv\\\/\"]}]},{\"@type\":\"ImageObject\",\"inLanguage\":\"sv-SE\",\"@id\":\"https:\\\/\\\/agenttiseikkailu.fi\\\/sv\\\/#primaryimage\",\"url\":\"https:\\\/\\\/agenttiseikkailu.fi\\\/wp-content\\\/uploads\\\/2018\\\/03\\\/step-agenttikortti-01.svg\",\"contentUrl\":\"https:\\\/\\\/agenttiseikkailu.fi\\\/wp-content\\\/uploads\\\/2018\\\/03\\\/step-agenttikortti-01.svg\"},{\"@type\":\"BreadcrumbList\",\"@id\":\"https:\\\/\\\/agenttiseikkailu.fi\\\/sv\\\/#breadcrumb\",\"itemListElement\":[{\"@type\":\"ListItem\",\"position\":1,\"name\":\"Home\",\"item\":\"https:\\\/\\\/agenttiseikkailu.fi\\\/sv\\\/\"},{\"@type\":\"ListItem\",\"position\":2,\"name\":\"Etusivu\"}]},{\"@type\":\"WebSite\",\"@id\":\"https:\\\/\\\/agenttiseikkailu.fi\\\/#website\",\"url\":\"https:\\\/\\\/agenttiseikkailu.fi\\\/\",\"name\":\"Agent\u00e4ventyr\",\"description\":\"\",\"potentialAction\":[{\"@type\":\"SearchAction\",\"target\":{\"@type\":\"EntryPoint\",\"urlTemplate\":\"https:\\\/\\\/agenttiseikkailu.fi\\\/?s={search_term_string}\"},\"query-input\":{\"@type\":\"PropertyValueSpecification\",\"valueRequired\":true,\"valueName\":\"search_term_string\"}}],\"inLanguage\":\"sv-SE\"}]}<\/script>\n<!-- \/ Yoast SEO plugin. -->","yoast_head_json":{"title":"Agenttiseikkailu.fi \u2013 Energians\u00e4\u00e4st\u00f6kilpailu tokaluokkalaisille","description":"Agenttiseikkailu on energians\u00e4\u00e4st\u00f6kilpailu tokaluokkalaisille, jonka aikana opitaan hauskasti kest\u00e4v\u00e4st\u00e4 kehityksest\u00e4 ja luonnonvarojen s\u00e4\u00e4st\u00e4misest\u00e4. Agenttiseikkailussa luokat kilpailevat siit\u00e4, kuka onnistuu tekem\u00e4\u00e4n eniten teht\u00e4vi\u00e4, joiden avulla muun muassa s\u00e4\u00e4styy energiaa.","robots":{"index":"index","follow":"follow","max-snippet":"max-snippet:-1","max-image-preview":"max-image-preview:large","max-video-preview":"max-video-preview:-1"},"canonical":"https:\/\/agenttiseikkailu.fi\/sv\/","og_locale":"sv_SE","og_type":"article","og_title":"Agenttiseikkailu.fi \u2013 Energians\u00e4\u00e4st\u00f6kilpailu tokaluokkalaisille","og_description":"Agenttiseikkailu on energians\u00e4\u00e4st\u00f6kilpailu tokaluokkalaisille, jonka aikana opitaan hauskasti kest\u00e4v\u00e4st\u00e4 kehityksest\u00e4 ja luonnonvarojen s\u00e4\u00e4st\u00e4misest\u00e4. Agenttiseikkailussa luokat kilpailevat siit\u00e4, kuka onnistuu tekem\u00e4\u00e4n eniten teht\u00e4vi\u00e4, joiden avulla muun muassa s\u00e4\u00e4styy energiaa.","og_url":"https:\/\/agenttiseikkailu.fi\/sv\/","og_site_name":"Agent\u00e4ventyr","article_modified_time":"2025-11-28T11:23:54+00:00","og_image":[{"width":1200,"height":630,"url":"https:\/\/agenttiseikkailu.fi\/wp-content\/uploads\/2018\/04\/agenttiseikkailu-fb.png","type":"image\/png"}],"twitter_card":"summary_large_image","twitter_misc":{"Ber\u00e4knad l\u00e4stid":"4 minuter"},"schema":{"@context":"https:\/\/schema.org","@graph":[{"@type":"WebPage","@id":"https:\/\/agenttiseikkailu.fi\/sv\/","url":"https:\/\/agenttiseikkailu.fi\/sv\/","name":"Agenttiseikkailu.fi \u2013 Energians\u00e4\u00e4st\u00f6kilpailu tokaluokkalaisille","isPartOf":{"@id":"https:\/\/agenttiseikkailu.fi\/#website"},"primaryImageOfPage":{"@id":"https:\/\/agenttiseikkailu.fi\/sv\/#primaryimage"},"image":{"@id":"https:\/\/agenttiseikkailu.fi\/sv\/#primaryimage"},"thumbnailUrl":"https:\/\/agenttiseikkailu.fi\/wp-content\/uploads\/2018\/03\/step-agenttikortti-01.svg","datePublished":"2018-03-13T09:03:07+00:00","dateModified":"2025-11-28T11:23:54+00:00","description":"Agenttiseikkailu on energians\u00e4\u00e4st\u00f6kilpailu tokaluokkalaisille, jonka aikana opitaan hauskasti kest\u00e4v\u00e4st\u00e4 kehityksest\u00e4 ja luonnonvarojen s\u00e4\u00e4st\u00e4misest\u00e4. Agenttiseikkailussa luokat kilpailevat siit\u00e4, kuka onnistuu tekem\u00e4\u00e4n eniten teht\u00e4vi\u00e4, joiden avulla muun muassa s\u00e4\u00e4styy energiaa.","breadcrumb":{"@id":"https:\/\/agenttiseikkailu.fi\/sv\/#breadcrumb"},"inLanguage":"sv-SE","potentialAction":[{"@type":"ReadAction","target":["https:\/\/agenttiseikkailu.fi\/sv\/"]}]},{"@type":"ImageObject","inLanguage":"sv-SE","@id":"https:\/\/agenttiseikkailu.fi\/sv\/#primaryimage","url":"https:\/\/agenttiseikkailu.fi\/wp-content\/uploads\/2018\/03\/step-agenttikortti-01.svg","contentUrl":"https:\/\/agenttiseikkailu.fi\/wp-content\/uploads\/2018\/03\/step-agenttikortti-01.svg"},{"@type":"BreadcrumbList","@id":"https:\/\/agenttiseikkailu.fi\/sv\/#breadcrumb","itemListElement":[{"@type":"ListItem","position":1,"name":"Home","item":"https:\/\/agenttiseikkailu.fi\/sv\/"},{"@type":"ListItem","position":2,"name":"Etusivu"}]},{"@type":"WebSite","@id":"https:\/\/agenttiseikkailu.fi\/#website","url":"https:\/\/agenttiseikkailu.fi\/","name":"Agent\u00e4ventyr","description":"","potentialAction":[{"@type":"SearchAction","target":{"@type":"EntryPoint","urlTemplate":"https:\/\/agenttiseikkailu.fi\/?s={search_term_string}"},"query-input":{"@type":"PropertyValueSpecification","valueRequired":true,"valueName":"search_term_string"}}],"inLanguage":"sv-SE"}]}},"_links":{"self":[{"href":"https:\/\/agenttiseikkailu.fi\/sv\/wp-json\/wp\/v2\/pages\/322","targetHints":{"allow":["GET"]}}],"collection":[{"href":"https:\/\/agenttiseikkailu.fi\/sv\/wp-json\/wp\/v2\/pages"}],"about":[{"href":"https:\/\/agenttiseikkailu.fi\/sv\/wp-json\/wp\/v2\/types\/page"}],"author":[{"embeddable":true,"href":"https:\/\/agenttiseikkailu.fi\/sv\/wp-json\/wp\/v2\/users\/1"}],"replies":[{"embeddable":true,"href":"https:\/\/agenttiseikkailu.fi\/sv\/wp-json\/wp\/v2\/comments?post=322"}],"version-history":[{"count":8,"href":"https:\/\/agenttiseikkailu.fi\/sv\/wp-json\/wp\/v2\/pages\/322\/revisions"}],"predecessor-version":[{"id":3509,"href":"https:\/\/agenttiseikkailu.fi\/sv\/wp-json\/wp\/v2\/pages\/322\/revisions\/3509"}],"wp:attachment":[{"href":"https:\/\/agenttiseikkailu.fi\/sv\/wp-json\/wp\/v2\/media?parent=322"}],"curies":[{"name":"wp","href":"https:\/\/api.w.org\/{rel}","templated":true}]}}