{"id":1041,"date":"2023-08-31T07:50:15","date_gmt":"2023-08-31T04:50:15","guid":{"rendered":"https:\/\/agenttiseikkailu.fi\/?page_id=1041"},"modified":"2023-10-30T11:04:16","modified_gmt":"2023-10-30T09:04:16","slug":"logga-in","status":"publish","type":"page","link":"https:\/\/agenttiseikkailu.fi\/sv\/logga-in\/","title":{"rendered":"Logga in"},"content":{"rendered":"\n\n<div id=\"wpmem_login\"><a id=\"login\"><\/a><form action=\"https:\/\/agenttiseikkailu.fi\/sv\/logga-in\/\" method=\"POST\" id=\"wpmem_login_form\" class=\"form\"><input type=\"hidden\" id=\"_wpmem_login_nonce\" name=\"_wpmem_login_nonce\" value=\"be05b28e0e\" \/><input type=\"hidden\" name=\"_wp_http_referer\" value=\"\/sv\/wp-json\/wp\/v2\/pages\/1041\" \/><fieldset><legend>Inloggning f\u00f6r befintliga anv\u00e4ndare<\/legend><label for=\"log\">Epostadress<\/label><div class=\"div_text\"><input name=\"log\" type=\"text\" id=\"log\" value=\"\" class=\"username\" required  \/><\/div><label for=\"pwd\">L\u00f6senord<\/label><div class=\"div_text\"><input name=\"pwd\" type=\"password\" id=\"pwd\" class=\"password\" required  \/><\/div><input name=\"a\" type=\"hidden\" value=\"login\" \/><input name=\"redirect_to\" type=\"hidden\" value=\"https:\/\/agenttiseikkailu.fi\/sv\/logga-in\/\" \/><div class=\"button_div\"><input name=\"rememberme\" type=\"checkbox\" id=\"rememberme\" value=\"forever\" \/>&nbsp;<label for=\"rememberme\">Kom ih\u00e5g mig<\/label>&nbsp;&nbsp;<input type=\"submit\" name=\"Submit\" value=\"Logga in\" class=\"buttons\" \/><\/div><div class=\"link-text\"><span class=\"link-text-forgot\">Gl\u00f6mt l\u00f6senord?&nbsp;<a href=\"https:\/\/agenttiseikkailu.fi\/sv\/vart-lag\/?a=pwdreset\">Klicka h\u00e4r f\u00f6r att \u00e5terst\u00e4lla<\/a><\/span><\/div><div class=\"link-text\"><span class=\"link-text-register\">Ny anv\u00e4ndare?&nbsp;<a href=\"https:\/\/agenttiseikkailu.fi\/sv\/gor-anmalan-har\/\">Klicka h\u00e4r f\u00f6r att registrera<\/a><\/span><\/div><\/fieldset><\/form><\/div>\n\n\n\n<details class=\"wp-block-details is-layout-flow wp-block-details-is-layout-flow\"><summary>Har du fr\u00e5gor? Klicka h\u00e4r f\u00f6r att \u00f6ppna kontaktformul\u00e4ret!<\/summary>\n<div class=\"wp-block-contact-form-7-contact-form-selector\">\n<div class=\"wpcf7 no-js\" id=\"wpcf7-f1377-o1\" lang=\"\" dir=\"ltr\" data-wpcf7-id=\"1377\">\n<div class=\"screen-reader-response\"><p role=\"status\" aria-live=\"polite\" aria-atomic=\"true\"><\/p> <ul><\/ul><\/div>\n<form action=\"\/sv\/wp-json\/wp\/v2\/pages\/1041#wpcf7-f1377-o1\" method=\"post\" class=\"wpcf7-form init\" aria-label=\"Kontaktformul\u00e4r\" novalidate=\"novalidate\" data-status=\"init\">\n<div style=\"display: none;\">\n<input type=\"hidden\" name=\"_wpcf7\" value=\"1377\" \/>\n<input type=\"hidden\" name=\"_wpcf7_version\" value=\"6.0.6\" \/>\n<input type=\"hidden\" name=\"_wpcf7_locale\" value=\"\" \/>\n<input type=\"hidden\" name=\"_wpcf7_unit_tag\" value=\"wpcf7-f1377-o1\" \/>\n<input type=\"hidden\" name=\"_wpcf7_container_post\" value=\"0\" \/>\n<input type=\"hidden\" name=\"_wpcf7_posted_data_hash\" value=\"\" \/>\n<\/div>\n<p><label> Epost*<br \/>\n<span class=\"wpcf7-form-control-wrap\" data-name=\"your-email\"><input size=\"40\" maxlength=\"400\" class=\"wpcf7-form-control wpcf7-email wpcf7-validates-as-required wpcf7-text wpcf7-validates-as-email\" aria-required=\"true\" aria-invalid=\"false\" value=\"\" type=\"email\" name=\"your-email\" \/><\/span> <\/label>\n<\/p>\n<p><label> Skola*<br \/>\n<span class=\"wpcf7-form-control-wrap\" data-name=\"koulu\"><input size=\"40\" maxlength=\"400\" class=\"wpcf7-form-control wpcf7-text wpcf7-validates-as-required\" aria-required=\"true\" aria-invalid=\"false\" value=\"\" type=\"text\" name=\"koulu\" \/><\/span> <\/label>\n<\/p>\n<p><label> Meddelande*<br \/>\n<span class=\"wpcf7-form-control-wrap\" data-name=\"your-message\"><textarea cols=\"40\" rows=\"10\" maxlength=\"2000\" class=\"wpcf7-form-control wpcf7-textarea wpcf7-validates-as-required\" aria-required=\"true\" aria-invalid=\"false\" name=\"your-message\"><\/textarea><\/span> <\/label>\n<\/p>\n<p><input class=\"wpcf7-form-control wpcf7-submit has-spinner\" type=\"submit\" value=\"Skicka\" \/>\n<\/p><div class=\"wpcf7-response-output\" aria-hidden=\"true\"><\/div>\n<\/form>\n<\/div>\n<\/div>\n<\/details>\n","protected":false},"excerpt":{"rendered":"","protected":false},"author":1,"featured_media":0,"parent":0,"menu_order":0,"comment_status":"closed","ping_status":"closed","template":"","meta":{"_acf_changed":false,"inline_featured_image":false,"footnotes":""},"class_list":["post-1041","page","type-page","status-publish","hentry"],"acf":[],"yoast_head":"<!-- This site is optimized with the Yoast SEO plugin v27.3 - https:\/\/yoast.com\/product\/yoast-seo-wordpress\/ -->\n<title>Logga in - Agent\u00e4ventyr<\/title>\n<meta name=\"robots\" content=\"index, follow, max-snippet:-1, max-image-preview:large, max-video-preview:-1\" \/>\n<link rel=\"canonical\" href=\"https:\/\/agenttiseikkailu.fi\/sv\/logga-in\/\" \/>\n<meta property=\"og:locale\" content=\"sv_SE\" \/>\n<meta property=\"og:type\" content=\"article\" \/>\n<meta property=\"og:title\" content=\"Logga in - Agent\u00e4ventyr\" \/>\n<meta property=\"og:url\" content=\"https:\/\/agenttiseikkailu.fi\/sv\/logga-in\/\" \/>\n<meta property=\"og:site_name\" content=\"Agent\u00e4ventyr\" \/>\n<meta property=\"article:modified_time\" content=\"2023-10-30T09:04:16+00:00\" \/>\n<meta property=\"og:image\" content=\"https:\/\/agenttiseikkailu.fi\/wp-content\/uploads\/2018\/04\/agenttiseikkailu-fb.png\" \/>\n\t<meta property=\"og:image:width\" content=\"1200\" \/>\n\t<meta property=\"og:image:height\" content=\"630\" \/>\n\t<meta property=\"og:image:type\" content=\"image\/png\" \/>\n<meta name=\"twitter:card\" content=\"summary_large_image\" \/>\n<meta name=\"twitter:label1\" content=\"Ber\u00e4knad l\u00e4stid\" \/>\n\t<meta name=\"twitter:data1\" content=\"1 minut\" \/>\n<script type=\"application\/ld+json\" class=\"yoast-schema-graph\">{\"@context\":\"https:\\\/\\\/schema.org\",\"@graph\":[{\"@type\":\"WebPage\",\"@id\":\"https:\\\/\\\/agenttiseikkailu.fi\\\/sv\\\/logga-in\\\/\",\"url\":\"https:\\\/\\\/agenttiseikkailu.fi\\\/sv\\\/logga-in\\\/\",\"name\":\"Logga in - Agent\u00e4ventyr\",\"isPartOf\":{\"@id\":\"https:\\\/\\\/agenttiseikkailu.fi\\\/#website\"},\"datePublished\":\"2023-08-31T04:50:15+00:00\",\"dateModified\":\"2023-10-30T09:04:16+00:00\",\"breadcrumb\":{\"@id\":\"https:\\\/\\\/agenttiseikkailu.fi\\\/sv\\\/logga-in\\\/#breadcrumb\"},\"inLanguage\":\"sv-SE\",\"potentialAction\":[{\"@type\":\"ReadAction\",\"target\":[\"https:\\\/\\\/agenttiseikkailu.fi\\\/sv\\\/logga-in\\\/\"]}]},{\"@type\":\"BreadcrumbList\",\"@id\":\"https:\\\/\\\/agenttiseikkailu.fi\\\/sv\\\/logga-in\\\/#breadcrumb\",\"itemListElement\":[{\"@type\":\"ListItem\",\"position\":1,\"name\":\"Home\",\"item\":\"https:\\\/\\\/agenttiseikkailu.fi\\\/sv\\\/\"},{\"@type\":\"ListItem\",\"position\":2,\"name\":\"Logga in\"}]},{\"@type\":\"WebSite\",\"@id\":\"https:\\\/\\\/agenttiseikkailu.fi\\\/#website\",\"url\":\"https:\\\/\\\/agenttiseikkailu.fi\\\/\",\"name\":\"Agent\u00e4ventyr\",\"description\":\"\",\"potentialAction\":[{\"@type\":\"SearchAction\",\"target\":{\"@type\":\"EntryPoint\",\"urlTemplate\":\"https:\\\/\\\/agenttiseikkailu.fi\\\/?s={search_term_string}\"},\"query-input\":{\"@type\":\"PropertyValueSpecification\",\"valueRequired\":true,\"valueName\":\"search_term_string\"}}],\"inLanguage\":\"sv-SE\"}]}<\/script>\n<!-- \/ Yoast SEO plugin. -->","yoast_head_json":{"title":"Logga in - Agent\u00e4ventyr","robots":{"index":"index","follow":"follow","max-snippet":"max-snippet:-1","max-image-preview":"max-image-preview:large","max-video-preview":"max-video-preview:-1"},"canonical":"https:\/\/agenttiseikkailu.fi\/sv\/logga-in\/","og_locale":"sv_SE","og_type":"article","og_title":"Logga in - Agent\u00e4ventyr","og_url":"https:\/\/agenttiseikkailu.fi\/sv\/logga-in\/","og_site_name":"Agent\u00e4ventyr","article_modified_time":"2023-10-30T09:04:16+00:00","og_image":[{"width":1200,"height":630,"url":"https:\/\/agenttiseikkailu.fi\/wp-content\/uploads\/2018\/04\/agenttiseikkailu-fb.png","type":"image\/png"}],"twitter_card":"summary_large_image","twitter_misc":{"Ber\u00e4knad l\u00e4stid":"1 minut"},"schema":{"@context":"https:\/\/schema.org","@graph":[{"@type":"WebPage","@id":"https:\/\/agenttiseikkailu.fi\/sv\/logga-in\/","url":"https:\/\/agenttiseikkailu.fi\/sv\/logga-in\/","name":"Logga in - Agent\u00e4ventyr","isPartOf":{"@id":"https:\/\/agenttiseikkailu.fi\/#website"},"datePublished":"2023-08-31T04:50:15+00:00","dateModified":"2023-10-30T09:04:16+00:00","breadcrumb":{"@id":"https:\/\/agenttiseikkailu.fi\/sv\/logga-in\/#breadcrumb"},"inLanguage":"sv-SE","potentialAction":[{"@type":"ReadAction","target":["https:\/\/agenttiseikkailu.fi\/sv\/logga-in\/"]}]},{"@type":"BreadcrumbList","@id":"https:\/\/agenttiseikkailu.fi\/sv\/logga-in\/#breadcrumb","itemListElement":[{"@type":"ListItem","position":1,"name":"Home","item":"https:\/\/agenttiseikkailu.fi\/sv\/"},{"@type":"ListItem","position":2,"name":"Logga in"}]},{"@type":"WebSite","@id":"https:\/\/agenttiseikkailu.fi\/#website","url":"https:\/\/agenttiseikkailu.fi\/","name":"Agent\u00e4ventyr","description":"","potentialAction":[{"@type":"SearchAction","target":{"@type":"EntryPoint","urlTemplate":"https:\/\/agenttiseikkailu.fi\/?s={search_term_string}"},"query-input":{"@type":"PropertyValueSpecification","valueRequired":true,"valueName":"search_term_string"}}],"inLanguage":"sv-SE"}]}},"_links":{"self":[{"href":"https:\/\/agenttiseikkailu.fi\/sv\/wp-json\/wp\/v2\/pages\/1041","targetHints":{"allow":["GET"]}}],"collection":[{"href":"https:\/\/agenttiseikkailu.fi\/sv\/wp-json\/wp\/v2\/pages"}],"about":[{"href":"https:\/\/agenttiseikkailu.fi\/sv\/wp-json\/wp\/v2\/types\/page"}],"author":[{"embeddable":true,"href":"https:\/\/agenttiseikkailu.fi\/sv\/wp-json\/wp\/v2\/users\/1"}],"replies":[{"embeddable":true,"href":"https:\/\/agenttiseikkailu.fi\/sv\/wp-json\/wp\/v2\/comments?post=1041"}],"version-history":[{"count":8,"href":"https:\/\/agenttiseikkailu.fi\/sv\/wp-json\/wp\/v2\/pages\/1041\/revisions"}],"predecessor-version":[{"id":1669,"href":"https:\/\/agenttiseikkailu.fi\/sv\/wp-json\/wp\/v2\/pages\/1041\/revisions\/1669"}],"wp:attachment":[{"href":"https:\/\/agenttiseikkailu.fi\/sv\/wp-json\/wp\/v2\/media?parent=1041"}],"curies":[{"name":"wp","href":"https:\/\/api.w.org\/{rel}","templated":true}]}}